{"id":1960,"date":"2024-08-11T21:58:52","date_gmt":"2024-08-11T19:58:52","guid":{"rendered":"https:\/\/www.fiwonline.de\/?page_id=1960"},"modified":"2026-01-22T12:24:15","modified_gmt":"2026-01-22T11:24:15","slug":"elementor-1960","status":"publish","type":"page","link":"https:\/\/www.fiwonline.de\/en\/das-institut\/elementor-1960\/","title":{"rendered":"Executive Board"},"content":{"rendered":"<div data-elementor-type=\"wp-post\" data-elementor-id=\"1960\" class=\"elementor elementor-1960\">\n\t\t\t\t<div class=\"elementor-element elementor-element-22ad162 e-flex e-con-boxed e-con e-parent\" data-id=\"22ad162\" data-element_type=\"container\">\r\n\t\t\t\t\t<div class=\"e-con-inner\">\r\n\t\t\t\t<div class=\"elementor-element elementor-element-19ea4e1 flex-horizontal-align-default flex-horizontal-align-tablet-default flex-horizontal-align-mobile-default flex-vertical-align-default flex-vertical-align-tablet-default flex-vertical-align-mobile-default elementor-widget elementor-widget-spacer\" data-id=\"19ea4e1\" data-element_type=\"widget\" data-widget_type=\"spacer.default\">\n\t\t\t\t<div class=\"elementor-widget-container\">\n\t\t\t\t\t\t\t<div class=\"elementor-spacer\">\n\t\t\t<div class=\"elementor-spacer-inner\"><\/div>\n\t\t<\/div>\n\t\t\t\t\t\t<\/div>\n\t\t\t\t<\/div>\n\t\t\t\t<div class=\"elementor-element elementor-element-1ac138a flex-horizontal-align-default flex-horizontal-align-tablet-default flex-horizontal-align-mobile-default flex-vertical-align-default flex-vertical-align-tablet-default flex-vertical-align-mobile-default elementor-widget elementor-widget-heading\" data-id=\"1ac138a\" data-element_type=\"widget\" data-widget_type=\"heading.default\">\n\t\t\t\t<div class=\"elementor-widget-container\">\n\t\t\t\t\t<h3 class=\"elementor-heading-title elementor-size-default\">Executive Board<\/h3>\t\t\t\t<\/div>\n\t\t\t\t<\/div>\n\t\t\t\t\t<\/div>\n\t\t\t\t<\/div>\n\t\t<div class=\"elementor-element elementor-element-55a0bfc e-flex e-con-boxed e-con e-parent\" data-id=\"55a0bfc\" data-element_type=\"container\">\r\n\t\t\t\t\t<div class=\"e-con-inner\">\r\n\t\t\t\t<div class=\"elementor-element elementor-element-511fbaa flex-horizontal-align-default flex-horizontal-align-tablet-default flex-horizontal-align-mobile-default flex-vertical-align-default flex-vertical-align-tablet-default flex-vertical-align-mobile-default elementor-widget elementor-widget-text-editor\" data-id=\"511fbaa\" data-element_type=\"widget\" data-widget_type=\"text-editor.default\">\n\t\t\t\t<div class=\"elementor-widget-container\">\n\t\t\t\t\t\t\t\t\t\t\t\t<div class=\"elementor-text-editor elementor-clearfix\">\r\n\t\t\t\t\t\t<p>The research institute is managed by the chairman and his representative. The executive board also includes the treasurer and additional persons. <br \/>Dem Vorstand<br \/>geh\u00f6ren au\u00dferdem der Schatzmeister und weitere Mitglieder an.<\/p><p>Chairman<br \/><strong>Dr. Janpeter Horn<\/strong><br \/>Gesch\u00e4ftsf\u00fchrer, AUGUST HERZOG MASCHINENFABRIK GmbH &amp; Co.KG, Oldenburg<\/p><p>Vice Chairwoman<br \/><strong>Tanja G\u00f6nner<\/strong><br \/>Hauptgesch\u00e4ftsf\u00fchrerin, Bundesverband<br \/>der Deutschen Industrie e.V. (BDI), Berlin<\/p><p>Treasurer<br \/><strong>Dr. Christoph Peter<\/strong><br \/>Managing Partner, Schulte Rechtsanw\u00e4lte Rechtsanwaltsgesellschaft mbH, Frankfurt am Main<\/p><p><strong><br \/>Extended Executive Board<br \/><\/strong><\/p><p><strong>Johann Br\u00fcck<br \/><\/strong>Partner, Hermanns Wagner Br\u00fcck Rechtsanw\u00e4lte Partnerschaft mbB, D\u00fcsseldorf<\/p><p><strong>Dr. Georg B\u00f6ttcher<br \/><\/strong>Chief Counsel Competition, Siemens AG, M\u00fcnchen<\/p><p><strong>Julia Dietrich<br \/><\/strong>Executive Director, Frontier Economics Ltd., K\u00f6ln<\/p><p><strong>Dr. Andreas Gayk<br \/><\/strong>Stellvertretender Hauptgesch\u00e4ftsf\u00fchrer, Markenverband e.V., Berlin<\/p><p><strong>Dr.\u00a0Justus Herrlinger<br \/><\/strong>Partner, DLA Piper UK LLP, Hamburg<\/p><p><strong>Wolfgang Kopf<br \/><\/strong>Leiter Zentralbereich Politik und Regulierung, Deutsche Telekom AG, Bonn<\/p><p><strong>Jan Paul Marschollek<br \/><\/strong>Leiter Recht, Verband Deutscher Maschinen- und Anlagenbau e.V. (VDMA), Frankfurt am Main<\/p><p><strong>Dr. Andreas M\u00f6hlenkamp<br \/><\/strong>Partner, Dr. M\u00f6hlenkamp &amp; Cie., Essen<\/p><p><strong>Dr. Horst Satzky<br \/><\/strong>Frankfurt am Main<\/p><p><strong>Dr. Peter Jens Schr\u00f6der<br \/><\/strong>Bereichsleiter Recht &amp; Verbraucherpolitik,\u00a0Handelsverband Deutschland &#8211; HDE e.V., Berlin<\/p><p><strong>Honorary Chairman<\/strong><\/p><p><strong>Dr. Hans Christoph von Rohr<br \/><\/strong>Rechtsanwalt,D\u00fcsseldorf<\/p>\t\t\t\t\t\t\t<\/div>\r\n\t\t\t\t\t\t\t\t\t\t<\/div>\n\t\t\t\t<\/div>\n\t\t\t\t<div class=\"elementor-element elementor-element-ec34ef8 flex-horizontal-align-default flex-horizontal-align-tablet-default flex-horizontal-align-mobile-default flex-vertical-align-default flex-vertical-align-tablet-default flex-vertical-align-mobile-default elementor-widget elementor-widget-spacer\" data-id=\"ec34ef8\" data-element_type=\"widget\" data-widget_type=\"spacer.default\">\n\t\t\t\t<div class=\"elementor-widget-container\">\n\t\t\t\t\t\t\t<div class=\"elementor-spacer\">\n\t\t\t<div class=\"elementor-spacer-inner\"><\/div>\n\t\t<\/div>\n\t\t\t\t\t\t<\/div>\n\t\t\t\t<\/div>\n\t\t\t\t\t<\/div>\n\t\t\t\t<\/div>\n\t\t\t\t<\/div>","protected":false},"excerpt":{"rendered":"<p>Vorstand Der Vorsitzende und sein Stellvertreter leiten das Forschungsinstitut (Vorstand nach \u00a7 26 BGB). Dem Vorstandgeh\u00f6ren au\u00dferdem der Schatzmeister und&#8230;<\/p>","protected":false},"author":3,"featured_media":0,"parent":2406,"menu_order":4,"comment_status":"closed","ping_status":"closed","template":"page-fullwidth.php","meta":{"_acf_changed":false,"footnotes":""},"folder":[1230],"class_list":["post-1960","page","type-page","status-publish"],"acf":[],"_links":{"self":[{"href":"https:\/\/www.fiwonline.de\/en\/wp-json\/wp\/v2\/pages\/1960","targetHints":{"allow":["GET"]}}],"collection":[{"href":"https:\/\/www.fiwonline.de\/en\/wp-json\/wp\/v2\/pages"}],"about":[{"href":"https:\/\/www.fiwonline.de\/en\/wp-json\/wp\/v2\/types\/page"}],"author":[{"embeddable":true,"href":"https:\/\/www.fiwonline.de\/en\/wp-json\/wp\/v2\/users\/3"}],"replies":[{"embeddable":true,"href":"https:\/\/www.fiwonline.de\/en\/wp-json\/wp\/v2\/comments?post=1960"}],"version-history":[{"count":16,"href":"https:\/\/www.fiwonline.de\/en\/wp-json\/wp\/v2\/pages\/1960\/revisions"}],"predecessor-version":[{"id":8889,"href":"https:\/\/www.fiwonline.de\/en\/wp-json\/wp\/v2\/pages\/1960\/revisions\/8889"}],"up":[{"embeddable":true,"href":"https:\/\/www.fiwonline.de\/en\/wp-json\/wp\/v2\/pages\/2406"}],"wp:attachment":[{"href":"https:\/\/www.fiwonline.de\/en\/wp-json\/wp\/v2\/media?parent=1960"}],"wp:term":[{"taxonomy":"folder","embeddable":true,"href":"https:\/\/www.fiwonline.de\/en\/wp-json\/wp\/v2\/folder?post=1960"}],"curies":[{"name":"wp","href":"https:\/\/api.w.org\/{rel}","templated":true}]}}