{"id":1969,"date":"2024-08-11T22:02:56","date_gmt":"2024-08-11T20:02:56","guid":{"rendered":"https:\/\/www.fiwonline.de\/?page_id=1969"},"modified":"2025-01-12T14:05:49","modified_gmt":"2025-01-12T13:05:49","slug":"mitglieder","status":"publish","type":"page","link":"https:\/\/www.fiwonline.de\/en\/das-institut\/mitglieder\/","title":{"rendered":"Members"},"content":{"rendered":"<div data-elementor-type=\"wp-post\" data-elementor-id=\"1969\" class=\"elementor elementor-1969\">\n\t\t\t\t<div class=\"elementor-element elementor-element-ba8c7c5 e-flex e-con-boxed e-con e-parent\" data-id=\"ba8c7c5\" data-element_type=\"container\">\r\n\t\t\t\t\t<div class=\"e-con-inner\">\r\n\t\t\t\t<div class=\"elementor-element elementor-element-fb3a4b4 flex-horizontal-align-default flex-horizontal-align-tablet-default flex-horizontal-align-mobile-default flex-vertical-align-default flex-vertical-align-tablet-default flex-vertical-align-mobile-default elementor-widget elementor-widget-spacer\" data-id=\"fb3a4b4\" data-element_type=\"widget\" data-widget_type=\"spacer.default\">\n\t\t\t\t<div class=\"elementor-widget-container\">\n\t\t\t\t\t\t\t<div class=\"elementor-spacer\">\n\t\t\t<div class=\"elementor-spacer-inner\"><\/div>\n\t\t<\/div>\n\t\t\t\t\t\t<\/div>\n\t\t\t\t<\/div>\n\t\t\t\t<div class=\"elementor-element elementor-element-fb7eb45 flex-horizontal-align-default flex-horizontal-align-tablet-default flex-horizontal-align-mobile-default flex-vertical-align-default flex-vertical-align-tablet-default flex-vertical-align-mobile-default elementor-widget elementor-widget-heading\" data-id=\"fb7eb45\" data-element_type=\"widget\" data-widget_type=\"heading.default\">\n\t\t\t\t<div class=\"elementor-widget-container\">\n\t\t\t\t\t<h3 class=\"elementor-heading-title elementor-size-default\">Members<\/h3>\t\t\t\t<\/div>\n\t\t\t\t<\/div>\n\t\t\t\t\t<\/div>\n\t\t\t\t<\/div>\n\t\t<div class=\"elementor-element elementor-element-78bf80fc e-flex e-con-boxed e-con e-parent\" data-id=\"78bf80fc\" data-element_type=\"container\">\r\n\t\t\t\t\t<div class=\"e-con-inner\">\r\n\t\t\t\t<div class=\"elementor-element elementor-element-3847e65a flex-horizontal-align-default flex-horizontal-align-tablet-default flex-horizontal-align-mobile-default flex-vertical-align-default flex-vertical-align-tablet-default flex-vertical-align-mobile-default elementor-widget elementor-widget-text-editor\" data-id=\"3847e65a\" data-element_type=\"widget\" data-widget_type=\"text-editor.default\">\n\t\t\t\t<div class=\"elementor-widget-container\">\n\t\t\t\t\t\t\t\t\t\t\t\t<div class=\"elementor-text-editor elementor-clearfix\">\r\n\t\t\t\t\t\t<p>Members can be entrepreneurship-related organisations and associations. Membership is not available to companies or individual persons, although they are welcome to sponsor the research institute.<br \/><br \/><\/p><p><strong>Our members<\/strong><\/p><p>Bundesverband Baustoffe &#8211; Steine und Erden e.V. \u2013 BBS<\/p><p>Bundesverband der Deutschen Industrie e.V. \u2013 BDI<\/p><p>Bundesverband Deutscher Banken e.V. \u2013 BDB<\/p><p>Deutscher Raiffeisenverband e.V. &#8211; DRV<\/p><p>Handelsverband Deutschland \u2013 HDE e.V.<\/p><p>Hauptverband der Deutschen Bauindustrie e.V.<\/p><p>Markenverband e.V.<\/p><p>Verband der Automobilindustrie e.V. \u2013 VDA<\/p><p>Verband Deutscher Maschinen- und Anlagenbau e.V. \u2013 VDMA<\/p><p>Verein der Zuckerindustrie \u2013 VdZ<\/p><p>Vereinigung Schweizerischer Unternehmen in Deutschland \u2013 VSUD<\/p><p>WSM Wirtschaftsverband Stahl- und Metallverarbeitung e.V.<\/p>\t\t\t\t\t\t\t<\/div>\r\n\t\t\t\t\t\t\t\t\t\t<\/div>\n\t\t\t\t<\/div>\n\t\t\t\t<div class=\"elementor-element elementor-element-0cc6032 flex-horizontal-align-default flex-horizontal-align-tablet-default flex-horizontal-align-mobile-default flex-vertical-align-default flex-vertical-align-tablet-default flex-vertical-align-mobile-default elementor-widget elementor-widget-spacer\" data-id=\"0cc6032\" data-element_type=\"widget\" data-widget_type=\"spacer.default\">\n\t\t\t\t<div class=\"elementor-widget-container\">\n\t\t\t\t\t\t\t<div class=\"elementor-spacer\">\n\t\t\t<div class=\"elementor-spacer-inner\"><\/div>\n\t\t<\/div>\n\t\t\t\t\t\t<\/div>\n\t\t\t\t<\/div>\n\t\t\t\t\t<\/div>\n\t\t\t\t<\/div>\n\t\t\t\t<\/div>","protected":false},"excerpt":{"rendered":"<p>Mitglieder Mitglieder k\u00f6nnen Verb\u00e4nde und Organisationen des Unternehmertums werden. Unternehmen oder Einzelpersonen k\u00f6nnen die Mitgliedschaft nicht erwerben, sind dem Forschungsinstitut&#8230;<\/p>","protected":false},"author":3,"featured_media":0,"parent":2406,"menu_order":5,"comment_status":"closed","ping_status":"closed","template":"","meta":{"_acf_changed":false,"footnotes":""},"folder":[1230],"class_list":["post-1969","page","type-page","status-publish"],"acf":[],"_links":{"self":[{"href":"https:\/\/www.fiwonline.de\/en\/wp-json\/wp\/v2\/pages\/1969","targetHints":{"allow":["GET"]}}],"collection":[{"href":"https:\/\/www.fiwonline.de\/en\/wp-json\/wp\/v2\/pages"}],"about":[{"href":"https:\/\/www.fiwonline.de\/en\/wp-json\/wp\/v2\/types\/page"}],"author":[{"embeddable":true,"href":"https:\/\/www.fiwonline.de\/en\/wp-json\/wp\/v2\/users\/3"}],"replies":[{"embeddable":true,"href":"https:\/\/www.fiwonline.de\/en\/wp-json\/wp\/v2\/comments?post=1969"}],"version-history":[{"count":2,"href":"https:\/\/www.fiwonline.de\/en\/wp-json\/wp\/v2\/pages\/1969\/revisions"}],"predecessor-version":[{"id":7652,"href":"https:\/\/www.fiwonline.de\/en\/wp-json\/wp\/v2\/pages\/1969\/revisions\/7652"}],"up":[{"embeddable":true,"href":"https:\/\/www.fiwonline.de\/en\/wp-json\/wp\/v2\/pages\/2406"}],"wp:attachment":[{"href":"https:\/\/www.fiwonline.de\/en\/wp-json\/wp\/v2\/media?parent=1969"}],"wp:term":[{"taxonomy":"folder","embeddable":true,"href":"https:\/\/www.fiwonline.de\/en\/wp-json\/wp\/v2\/folder?post=1969"}],"curies":[{"name":"wp","href":"https:\/\/api.w.org\/{rel}","templated":true}]}}