{"id":1982,"date":"2024-08-11T22:15:49","date_gmt":"2024-08-11T20:15:49","guid":{"rendered":"https:\/\/www.fiwonline.de\/?page_id=1982"},"modified":"2025-11-18T12:40:21","modified_gmt":"2025-11-18T11:40:21","slug":"foerderer","status":"publish","type":"page","link":"https:\/\/www.fiwonline.de\/en\/das-institut\/foerderer\/","title":{"rendered":"Sponsors"},"content":{"rendered":"<div data-elementor-type=\"wp-page\" data-elementor-id=\"1982\" class=\"elementor elementor-1982\">\n\t\t\t\t<div class=\"elementor-element elementor-element-4fabe1f e-flex e-con-boxed e-con e-parent\" data-id=\"4fabe1f\" data-element_type=\"container\" data-e-type=\"container\">\r\n\t\t\t\t\t<div class=\"e-con-inner\">\r\n\t\t\t\t<div class=\"elementor-element elementor-element-f9d2ab3 flex-horizontal-align-default flex-horizontal-align-tablet-default flex-horizontal-align-mobile-default flex-vertical-align-default flex-vertical-align-tablet-default flex-vertical-align-mobile-default elementor-widget elementor-widget-spacer\" data-id=\"f9d2ab3\" data-element_type=\"widget\" data-e-type=\"widget\" data-widget_type=\"spacer.default\">\n\t\t\t\t<div class=\"elementor-widget-container\">\n\t\t\t\t\t\t\t<div class=\"elementor-spacer\">\n\t\t\t<div class=\"elementor-spacer-inner\"><\/div>\n\t\t<\/div>\n\t\t\t\t\t\t<\/div>\n\t\t\t\t<\/div>\n\t\t\t\t<div class=\"elementor-element elementor-element-fe4f72e flex-horizontal-align-default flex-horizontal-align-tablet-default flex-horizontal-align-mobile-default flex-vertical-align-default flex-vertical-align-tablet-default flex-vertical-align-mobile-default elementor-widget elementor-widget-heading\" data-id=\"fe4f72e\" data-element_type=\"widget\" data-e-type=\"widget\" data-widget_type=\"heading.default\">\n\t\t\t\t<div class=\"elementor-widget-container\">\n\t\t\t\t\t<h3 class=\"elementor-heading-title elementor-size-default\">Sponsors<\/h3>\t\t\t\t<\/div>\n\t\t\t\t<\/div>\n\t\t\t\t\t<\/div>\n\t\t\t\t<\/div>\n\t\t<div class=\"elementor-element elementor-element-6c022e3c e-flex e-con-boxed e-con e-parent\" data-id=\"6c022e3c\" data-element_type=\"container\" data-e-type=\"container\">\r\n\t\t\t\t\t<div class=\"e-con-inner\">\r\n\t\t\t\t<div class=\"elementor-element elementor-element-1615ca44 flex-horizontal-align-default flex-horizontal-align-tablet-default flex-horizontal-align-mobile-default flex-vertical-align-default flex-vertical-align-tablet-default flex-vertical-align-mobile-default elementor-widget elementor-widget-text-editor\" data-id=\"1615ca44\" data-element_type=\"widget\" data-e-type=\"widget\" data-widget_type=\"text-editor.default\">\n\t\t\t\t<div class=\"elementor-widget-container\">\n\t\t\t\t\t\t\t\t\t\t\t\t<div class=\"elementor-text-editor elementor-clearfix\">\r\n\t\t\t\t\t\t<p>Sponsors are companies, entrepreneurs, federations, law firms and individuals as well as non-governmental organisations.<\/p><h6>Our sponsors\u00a0<\/h6><p>Allen Overy Shearman Sterling LLP<\/p><p>Arnold &amp; Porter Kaye Scholer LLP<\/p><p>BASF SE<\/p><p>BLOMSTEIN Partnerschaft von Rechtsanw\u00e4lten mbB<\/p><p>Bundesverband des Deutschen Gro\u00df- und\u00a0 Au\u00dfenhandels e.V. &#8211; BGA<\/p><p>Cleary Gottlieb Steen &amp; Hamilton LLP<\/p><p>Daimler AG<\/p><p>Dentons Europe LLP<\/p><p>DER MITTELSTANDSVERBUND ZGV<\/p><p>Deutsche Post AG<\/p><p>Deutsche Telekom AG<\/p><p>Dyckerhoff AG<\/p><p>Evonik Industries AG<\/p><p>ExxonMobil Central Europe Holding GmbH<\/p><p>F\u00f6rderkreis der Deutschen Industrie e.V.<\/p><p>Freshfields Bruckhaus Deringer Rechtsanw\u00e4lte Steuerberater PartG mbB<\/p><p>Frontier Economics Ltd.<\/p><p>Gleiss Lutz Rechtsanw\u00e4lte<\/p><p>Hengeler Mueller<\/p><p>Henkel AG &amp; Co. KGaA<\/p><p>Hogan Lovells International LLP<\/p><p>Luther Rechtsanwaltsgesellschaft mbH<\/p><p>Merck KGaA<\/p><p>Morgan Lewis &amp; Bockius LLP<\/p><p>OPPENHOFF &amp; PARTNER<\/p><p>Oxera Consulting LLP\u00a0<\/p><p>Pfeifer &amp; Langen GmbH &amp; Co.KG<\/p><p>Schulte Rechtsanw\u00e4lte Rechtsanwaltsges.mbH<\/p><p>Siemens AG<\/p><p>Solve Economics GmbH<\/p><p>SPIEKER &amp; JAEGER Rechtsanw\u00e4lte Wirtschaftspr\u00fcfer Steuerberater Partnerschaftsgesellschaft mbB<\/p><p>Taylor Wessing<\/p><p>ThyssenKrupp AG<\/p><p>vero &#8211; Verband der Bau- und Rohstoffindustrie e.V.<\/p><p>VIK Verband der Industriellen Energie- und Kraftwirtschaft e.V.<\/p><p>ZF Friedrichshafen AG<\/p>\t\t\t\t\t\t\t<\/div>\r\n\t\t\t\t\t\t\t\t\t\t<\/div>\n\t\t\t\t<\/div>\n\t\t\t\t<div class=\"elementor-element elementor-element-ca11b93 flex-horizontal-align-default flex-horizontal-align-tablet-default flex-horizontal-align-mobile-default flex-vertical-align-default flex-vertical-align-tablet-default flex-vertical-align-mobile-default elementor-widget elementor-widget-spacer\" data-id=\"ca11b93\" data-element_type=\"widget\" data-e-type=\"widget\" data-widget_type=\"spacer.default\">\n\t\t\t\t<div class=\"elementor-widget-container\">\n\t\t\t\t\t\t\t<div class=\"elementor-spacer\">\n\t\t\t<div class=\"elementor-spacer-inner\"><\/div>\n\t\t<\/div>\n\t\t\t\t\t\t<\/div>\n\t\t\t\t<\/div>\n\t\t\t\t\t<\/div>\n\t\t\t\t<\/div>\n\t\t\t\t<\/div>","protected":false},"excerpt":{"rendered":"<p>F\u00f6rderer F\u00f6rderer k\u00f6nnen Unternehmen, Verb\u00e4nde, Anwaltskanzleien oder Einzelpersonen sowie nicht dem Unternehmertum zuzurechende Organisationen werden. Unsere F\u00f6rderer\u00a0 Allen Overy Shearman&#8230;<\/p>","protected":false},"author":3,"featured_media":0,"parent":2406,"menu_order":7,"comment_status":"closed","ping_status":"closed","template":"page-fullwidth.php","meta":{"_acf_changed":false,"footnotes":""},"folder":[1230],"class_list":["post-1982","page","type-page","status-publish"],"acf":[],"_links":{"self":[{"href":"https:\/\/www.fiwonline.de\/en\/wp-json\/wp\/v2\/pages\/1982","targetHints":{"allow":["GET"]}}],"collection":[{"href":"https:\/\/www.fiwonline.de\/en\/wp-json\/wp\/v2\/pages"}],"about":[{"href":"https:\/\/www.fiwonline.de\/en\/wp-json\/wp\/v2\/types\/page"}],"author":[{"embeddable":true,"href":"https:\/\/www.fiwonline.de\/en\/wp-json\/wp\/v2\/users\/3"}],"replies":[{"embeddable":true,"href":"https:\/\/www.fiwonline.de\/en\/wp-json\/wp\/v2\/comments?post=1982"}],"version-history":[{"count":13,"href":"https:\/\/www.fiwonline.de\/en\/wp-json\/wp\/v2\/pages\/1982\/revisions"}],"predecessor-version":[{"id":8748,"href":"https:\/\/www.fiwonline.de\/en\/wp-json\/wp\/v2\/pages\/1982\/revisions\/8748"}],"up":[{"embeddable":true,"href":"https:\/\/www.fiwonline.de\/en\/wp-json\/wp\/v2\/pages\/2406"}],"wp:attachment":[{"href":"https:\/\/www.fiwonline.de\/en\/wp-json\/wp\/v2\/media?parent=1982"}],"wp:term":[{"taxonomy":"folder","embeddable":true,"href":"https:\/\/www.fiwonline.de\/en\/wp-json\/wp\/v2\/folder?post=1982"}],"curies":[{"name":"wp","href":"https:\/\/api.w.org\/{rel}","templated":true}]}}