{"id":1985,"date":"2024-08-11T22:17:21","date_gmt":"2024-08-11T20:17:21","guid":{"rendered":"https:\/\/www.fiwonline.de\/?page_id=1985"},"modified":"2025-01-18T19:49:08","modified_gmt":"2025-01-18T18:49:08","slug":"geschaeftsfuehrung","status":"publish","type":"page","link":"https:\/\/www.fiwonline.de\/en\/das-institut\/geschaeftsfuehrung\/","title":{"rendered":"Senior Management"},"content":{"rendered":"<div data-elementor-type=\"wp-page\" data-elementor-id=\"1985\" class=\"elementor elementor-1985\">\n\t\t\t\t<div class=\"elementor-element elementor-element-7358c25 e-flex e-con-boxed e-con e-parent\" data-id=\"7358c25\" data-element_type=\"container\">\r\n\t\t\t\t\t<div class=\"e-con-inner\">\r\n\t\t\t\t<div class=\"elementor-element elementor-element-d486821 flex-horizontal-align-default flex-horizontal-align-tablet-default flex-horizontal-align-mobile-default flex-vertical-align-default flex-vertical-align-tablet-default flex-vertical-align-mobile-default elementor-widget elementor-widget-spacer\" data-id=\"d486821\" data-element_type=\"widget\" data-widget_type=\"spacer.default\">\n\t\t\t\t<div class=\"elementor-widget-container\">\n\t\t\t\t\t\t\t<div class=\"elementor-spacer\">\n\t\t\t<div class=\"elementor-spacer-inner\"><\/div>\n\t\t<\/div>\n\t\t\t\t\t\t<\/div>\n\t\t\t\t<\/div>\n\t\t\t\t<div class=\"elementor-element elementor-element-03af966 flex-horizontal-align-default flex-horizontal-align-tablet-default flex-horizontal-align-mobile-default flex-vertical-align-default flex-vertical-align-tablet-default flex-vertical-align-mobile-default elementor-widget elementor-widget-heading\" data-id=\"03af966\" data-element_type=\"widget\" data-widget_type=\"heading.default\">\n\t\t\t\t<div class=\"elementor-widget-container\">\n\t\t\t\t\t<h3 class=\"elementor-heading-title elementor-size-default\">Senior Management<\/h3>\t\t\t\t<\/div>\n\t\t\t\t<\/div>\n\t\t\t\t\t<\/div>\n\t\t\t\t<\/div>\n\t\t<div class=\"elementor-element elementor-element-f3b7452 e-flex e-con-boxed e-con e-parent\" data-id=\"f3b7452\" data-element_type=\"container\">\r\n\t\t\t\t\t<div class=\"e-con-inner\">\r\n\t\t\t\t<div class=\"elementor-element elementor-element-6a73dab flex-horizontal-align-default flex-horizontal-align-tablet-default flex-horizontal-align-mobile-default flex-vertical-align-default flex-vertical-align-tablet-default flex-vertical-align-mobile-default elementor-widget elementor-widget-text-editor\" data-id=\"6a73dab\" data-element_type=\"widget\" data-widget_type=\"text-editor.default\">\n\t\t\t\t<div class=\"elementor-widget-container\">\n\t\t\t\t\t\t\t\t\t\t\t\t<div class=\"elementor-text-editor elementor-clearfix\">\r\n\t\t\t\t\t\t<p><img title=\"Niels Lau\" src=\"https:\/\/www.fiwonline.de\/wp-content\/uploads\/lau.jpg\" alt=\"Portrait des Gesch\u00e4ftsf\u00fchrers\" ismap=\"ismap\" width=\"131\" height=\"169\"><\/p>\n<p><strong>Senior Management<\/strong><br>Niels Lau<\/p>\n<p><br><\/p>\n<p><img title=\"Hedwig Schulte\" src=\"https:\/\/www.fiwonline.de\/wp-content\/uploads\/Foto-Schulte-NEU-23.10.24_final.jpg\" alt=\"Portrait\" ismap=\"ismap\" width=\"131\" height=\"169\"><\/p>\n<p><strong>Branch Office Manager<\/strong><br>Hedwig Schulte<\/p>\n<p><br><\/p>\n<p><\/p>\n<p><img src=\"https:\/\/www.fiwonline.de\/wp-content\/uploads\/Foto-Dr.-Michael-Dose-final-217x300.jpg\" alt=\"\" width=\"131\"><\/p>\n<p><b>Research Assistant<\/b><br>Dr. Michael Dose<b><o:p><\/o:p><\/b><\/p>\n<p><span style=\"text-align: var(--text-align);\"><br><\/span><\/p>\n<p><strong style=\"text-align: var(--text-align);\">Adress<\/strong><\/p>\n<p>Forschungsinstitut f\u00fcr Wirtschaftsverfassung und<br>    Wettbewerb e.V. &#8211; FIW<br>Gro\u00dfe Sandkaul 2<br>D-50667 K\u00f6ln<\/p>\n<p>Phone: +49 (0) 221 \/ 12 20 51<br>Fax: +49 (0) 221 \/ 12 20 52<br>Email: <a title=\"E-Mail schreiben\" href=\"mailto:fiw@fiw-online.de\">fiw@fiw-online.de<\/a><\/p>\n<p><\/p>\t\t\t\t\t\t\t<\/div>\r\n\t\t\t\t\t\t\t\t\t\t<\/div>\n\t\t\t\t<\/div>\n\t\t\t\t<div class=\"elementor-element elementor-element-91d6404 flex-horizontal-align-default flex-horizontal-align-tablet-default flex-horizontal-align-mobile-default flex-vertical-align-default flex-vertical-align-tablet-default flex-vertical-align-mobile-default elementor-widget elementor-widget-spacer\" data-id=\"91d6404\" data-element_type=\"widget\" data-widget_type=\"spacer.default\">\n\t\t\t\t<div class=\"elementor-widget-container\">\n\t\t\t\t\t\t\t<div class=\"elementor-spacer\">\n\t\t\t<div class=\"elementor-spacer-inner\"><\/div>\n\t\t<\/div>\n\t\t\t\t\t\t<\/div>\n\t\t\t\t<\/div>\n\t\t\t\t\t<\/div>\n\t\t\t\t<\/div>\n\t\t\t\t<\/div>","protected":false},"excerpt":{"rendered":"<p>Gesch\u00e4ftsf\u00fchrung Gesch\u00e4ftsf\u00fchrungNiels Lau Gesch\u00e4ftsstellenleitungHedwig Schulte Wissenschaftlicher MitarbeiterDr. Michael Dose Postanschrift Forschungsinstitut f\u00fcr Wirtschaftsverfassung und Wettbewerb e.V. &#8211; FIWGro\u00dfe Sandkaul 2D-50667&#8230;<\/p>","protected":false},"author":3,"featured_media":0,"parent":2406,"menu_order":9,"comment_status":"closed","ping_status":"closed","template":"page-fullwidth.php","meta":{"_acf_changed":false,"footnotes":""},"folder":[1230],"class_list":["post-1985","page","type-page","status-publish"],"acf":[],"_links":{"self":[{"href":"https:\/\/www.fiwonline.de\/en\/wp-json\/wp\/v2\/pages\/1985","targetHints":{"allow":["GET"]}}],"collection":[{"href":"https:\/\/www.fiwonline.de\/en\/wp-json\/wp\/v2\/pages"}],"about":[{"href":"https:\/\/www.fiwonline.de\/en\/wp-json\/wp\/v2\/types\/page"}],"author":[{"embeddable":true,"href":"https:\/\/www.fiwonline.de\/en\/wp-json\/wp\/v2\/users\/3"}],"replies":[{"embeddable":true,"href":"https:\/\/www.fiwonline.de\/en\/wp-json\/wp\/v2\/comments?post=1985"}],"version-history":[{"count":8,"href":"https:\/\/www.fiwonline.de\/en\/wp-json\/wp\/v2\/pages\/1985\/revisions"}],"predecessor-version":[{"id":8551,"href":"https:\/\/www.fiwonline.de\/en\/wp-json\/wp\/v2\/pages\/1985\/revisions\/8551"}],"up":[{"embeddable":true,"href":"https:\/\/www.fiwonline.de\/en\/wp-json\/wp\/v2\/pages\/2406"}],"wp:attachment":[{"href":"https:\/\/www.fiwonline.de\/en\/wp-json\/wp\/v2\/media?parent=1985"}],"wp:term":[{"taxonomy":"folder","embeddable":true,"href":"https:\/\/www.fiwonline.de\/en\/wp-json\/wp\/v2\/folder?post=1985"}],"curies":[{"name":"wp","href":"https:\/\/api.w.org\/{rel}","templated":true}]}}