{"id":1994,"date":"2024-08-11T22:21:27","date_gmt":"2024-08-11T20:21:27","guid":{"rendered":"https:\/\/www.fiwonline.de\/?page_id=1994"},"modified":"2026-03-17T12:21:57","modified_gmt":"2026-03-17T11:21:57","slug":"kuratorium","status":"publish","type":"page","link":"https:\/\/www.fiwonline.de\/en\/das-institut\/kuratorium\/","title":{"rendered":"Board of Trustees"},"content":{"rendered":"<div data-elementor-type=\"wp-page\" data-elementor-id=\"1994\" class=\"elementor elementor-1994\">\n\t\t\t\t<div class=\"elementor-element elementor-element-b1fc428 e-flex e-con-boxed e-con e-parent\" data-id=\"b1fc428\" data-element_type=\"container\" data-e-type=\"container\">\r\n\t\t\t\t\t<div class=\"e-con-inner\">\r\n\t\t\t\t<div class=\"elementor-element elementor-element-42d252d flex-horizontal-align-default flex-horizontal-align-tablet-default flex-horizontal-align-mobile-default flex-vertical-align-default flex-vertical-align-tablet-default flex-vertical-align-mobile-default elementor-widget elementor-widget-spacer\" data-id=\"42d252d\" data-element_type=\"widget\" data-e-type=\"widget\" data-widget_type=\"spacer.default\">\n\t\t\t\t<div class=\"elementor-widget-container\">\n\t\t\t\t\t\t\t<div class=\"elementor-spacer\">\n\t\t\t<div class=\"elementor-spacer-inner\"><\/div>\n\t\t<\/div>\n\t\t\t\t\t\t<\/div>\n\t\t\t\t<\/div>\n\t\t\t\t<div class=\"elementor-element elementor-element-212aa79 flex-horizontal-align-default flex-horizontal-align-tablet-default flex-horizontal-align-mobile-default flex-vertical-align-default flex-vertical-align-tablet-default flex-vertical-align-mobile-default elementor-widget elementor-widget-heading\" data-id=\"212aa79\" data-element_type=\"widget\" data-e-type=\"widget\" data-widget_type=\"heading.default\">\n\t\t\t\t<div class=\"elementor-widget-container\">\n\t\t\t\t\t<h3 class=\"elementor-heading-title elementor-size-default\">Board of Trustees<\/h3>\t\t\t\t<\/div>\n\t\t\t\t<\/div>\n\t\t\t\t\t<\/div>\n\t\t\t\t<\/div>\n\t\t<div class=\"elementor-element elementor-element-4eaa7ab6 e-flex e-con-boxed e-con e-parent\" data-id=\"4eaa7ab6\" data-element_type=\"container\" data-e-type=\"container\">\r\n\t\t\t\t\t<div class=\"e-con-inner\">\r\n\t\t\t\t<div class=\"elementor-element elementor-element-60678552 flex-horizontal-align-default flex-horizontal-align-tablet-default flex-horizontal-align-mobile-default flex-vertical-align-default flex-vertical-align-tablet-default flex-vertical-align-mobile-default elementor-widget elementor-widget-text-editor\" data-id=\"60678552\" data-element_type=\"widget\" data-e-type=\"widget\" data-widget_type=\"text-editor.default\">\n\t\t\t\t<div class=\"elementor-widget-container\">\n\t\t\t\t\t\t\t\t\t\t\t\t<div class=\"elementor-text-editor elementor-clearfix\">\r\n\t\t\t\t\t\t<p>The board of trustees provides advice regarding the principle issues relevant to the institute and ensures a close link with the commercial and industrial organisations, academia and public and private research organisations which are active in the functional fields of our institute. It consists of the extended executive board (*) and additional trustees<\/p><p><strong>Members of the Board's of Trustees members are<\/strong><\/p><p><strong>Dr. Ulrich\u00a0 Brandt<br \/><\/strong>Director \/ Associate General Counsel, Deutsche Bank AG, Frankfurt am Main\u00a0<\/p><p><strong>RA Johann Br\u00fcck*<\/strong><br \/>Partner, Hermanns Wagner Br\u00fcck Rechtsanw\u00e4lte Partnerschaft mbB, D\u00fcsseldorf<\/p><p><strong>Dr. Georg B\u00f6ttcher*<\/strong><br \/>Chief Counsel Competition, Siemens AG, M\u00fcnchen<\/p><p><strong>Julia Dietrich*<\/strong><br \/>Executive Director, Frontier Economics Ltd., K\u00f6ln<\/p><p><strong>RA\u00a0Dr. Michael Dietrich<\/strong><br \/>Partner, Dietrich Graf Zedwitz, D\u00fcsseldorf<\/p><p><strong>RA\u00a0Dr. Daniel Dohrn<\/strong><br \/>Partner, OPPENHOFF &amp; PARTNER Rechtsanw\u00e4lte Steuerberater mbB, K\u00f6ln<\/p><p><strong>Dr. Andreas Gayk*<\/strong><br \/>Stellvertretender Hauptgesch\u00e4ftsf\u00fchrer, Markenverband e.V., Berlin<\/p><p><strong>Karin Gollan<\/strong><br \/>Partnerin, CONSULTGOLLAN Rechtsanwaltskanzlei, Krefeld<\/p><p><strong>Tanja G\u00f6nner*<\/strong><br \/>Hauptgesch\u00e4ftsf\u00fchrerin, Bundesverband der Deutschen Industrie e.V. (BDI), Berlin<\/p><p><strong>RA Dr. Marco Hartmann-R\u00fcppel<br \/><\/strong>Partner, Taylor Wessing Partnerschaftsgesellschaft mbB, Hamburg<\/p><p><strong>Professor Dr. Andreas Heinemann<br \/><\/strong>Lehrstuhl f\u00fcr Handels-, Wirtschafts-\u00a0u. Europarecht an der Universit\u00e4t Z\u00fcrich, Z\u00fcrich<\/p><p><strong>RA Dr. Justus Herrlinger*<\/strong><br \/>DLA Piper UK LLP, Hamburg<\/p><p><strong>Dr. Janpeter Horn*<\/strong><br \/>Gesch\u00e4ftsf\u00fchrer, AUGUST HERZOG MASCHINENFABRIK GmbH &amp; Co.KG, Oldenburg<\/p><p><strong>RA Dr. Sebastian Jungermann<\/strong><em><br \/><\/em>Partner, Arnecke Sibeth Dabelstein Partnerschaftsgesellschaft mbB, Frankfurt am Main<\/p><p><strong>Professor Dr. Wolfgang Kirchhoff<\/strong><br \/>Vors. Richter am Bundesgerichtshof a. D., Baden-Baden<\/p><p><strong>RA Dr. Maxim Kleine<\/strong><br \/>Partner, G\u00d6RG Partnerschaft von Rechtsanw\u00e4lten mbB, Hamburg<\/p><p><strong>Wolfgang Kopf, LLM.*<\/strong><br \/>Leiter des Zentralbereichs Politische Interessenvertretung und Regulierung, Deutsche Telekom AG, Bonn<\/p><p><strong>Dr. Nicolas Kredel, LL.M.<br \/><\/strong>Partner, Baker &amp; McKenzie, D\u00fcsseldorf<\/p><p><strong>RA Dr. Kim Manuel K\u00fcnstner<br \/><\/strong>Partner, Schulte Rechtsanw\u00e4lte Rechtsanwaltsgesellschaft mbH, Frankfurt am Main<\/p><p><strong>Frank Liebich<br \/><\/strong>General Counsel &amp; Chief Competition Officer, Henkel AG &amp; Co. KGaA, D\u00fcsseldorf<\/p><p><strong>RA Professor Dr. Thomas L\u00fcbbig<\/strong><br \/>Of Counsel, Freshfields Bruckhaus Deringer Rechtsanw\u00e4lte Steuerberater PartG mbB, Berlin<\/p><p><strong>Jan Paul Marschollek*<\/strong><br \/>Leiter Recht, Verband Deutscher Maschinen- und Anlagenbau e.V. (VDMA), Frankfurt am Main<\/p><p><strong>Dr. Andreas M\u00f6hlenkamp, LL.M.*<\/strong><br \/>Partner, Dr. M\u00f6hlenkamp &amp; Cie., Essen<\/p><p><strong>RA Dr. Wilhelm Niemeier<\/strong><br \/>Weiler<\/p><p><strong>Professor Dr. Konrad Ost, LL.M.<\/strong><br \/>Vizepr\u00e4sident des Bundeskartellamtes, Bonn<\/p><p><strong>RA Dr. Christoph Peter, LL.M.*<\/strong><br \/>Managing Partner, Schulte Rechtsanw\u00e4lte Rechtsanwaltsgesellschaft mbH, Frankfurt am Main<\/p><p><strong>Dr. Hans Christoph von Rohr*<\/strong><em><br \/><\/em>Rechtsanwalt, D\u00fcsseldorf<\/p><p><strong>Dr. Horst Satzky*<\/strong><br \/>Frankfurt am Main<\/p><p><strong>Dr. Peter Jens Schr\u00f6der*<\/strong>\u00a0\u00a0<strong>\u00a0<\/strong><br \/>Bereichsleiter Recht &amp; Verbraucherpolitik, Handelsverband Deutschland &#8211; HDE e.V., Berlin<\/p><p><strong>Dr. Ram\u00f3n Sieveking<br \/><\/strong>Chief Compliance Officer, Pfeifer &amp; Langen GmbH &amp; Co. KG, K\u00f6ln<\/p><p><strong>Dr. Ulrike Suchsland<br \/><\/strong>Senior Legal Counsel, Bundesverband der Deutschen Industrie e.V., Berlin<\/p><p><strong>Dr. Peter A. Spitze<\/strong><br \/>Rechtsanwalt,\u00a0FILIPPI Rechtsanwaltsgesellschaft mbH, Frankfurt am Main<\/p><p><strong>Dr. Nadja Trhal<\/strong><br \/>Manager, Frontier Economics Ltd., K\u00f6ln<\/p><p><strong>MMag. Erika Ummenberger-Zierler<\/strong>\u00a0\u00a0<br \/>Abteilungsleiterin Wettbewerbspolitik und -recht, Bundesministerium f\u00fcr Arbeit und Wirtschaft, Wien<\/p><p><strong>Professor Dr. Gabriela von Wallenberg<br \/><\/strong>M\u00fcnchen<\/p><p><strong>Dr. Angelika Westerwelle<br \/><\/strong>Gesch\u00e4ftsf\u00fchrerin, LANAX Management GmbH, Berlin<\/p>\t\t\t\t\t\t\t<\/div>\r\n\t\t\t\t\t\t\t\t\t\t<\/div>\n\t\t\t\t<\/div>\n\t\t\t\t<div class=\"elementor-element elementor-element-45467f2 flex-horizontal-align-default flex-horizontal-align-tablet-default flex-horizontal-align-mobile-default flex-vertical-align-default flex-vertical-align-tablet-default flex-vertical-align-mobile-default elementor-widget elementor-widget-spacer\" data-id=\"45467f2\" data-element_type=\"widget\" data-e-type=\"widget\" data-widget_type=\"spacer.default\">\n\t\t\t\t<div class=\"elementor-widget-container\">\n\t\t\t\t\t\t\t<div class=\"elementor-spacer\">\n\t\t\t<div class=\"elementor-spacer-inner\"><\/div>\n\t\t<\/div>\n\t\t\t\t\t\t<\/div>\n\t\t\t\t<\/div>\n\t\t\t\t\t<\/div>\n\t\t\t\t<\/div>\n\t\t\t\t<\/div>","protected":false},"excerpt":{"rendered":"<p>Kuratorium Das Kuratorium ber\u00e4t Grundsatzfragen des Instituts. Es besteht aus dem erweiterten Vorstand (*) und weiteren Kuratoren. Kuratoriumsmitglieder Dr. Ulrich\u00a0&#8230;<\/p>","protected":false},"author":3,"featured_media":0,"parent":2406,"menu_order":8,"comment_status":"closed","ping_status":"closed","template":"page-fullwidth.php","meta":{"_acf_changed":false,"footnotes":""},"folder":[1230],"class_list":["post-1994","page","type-page","status-publish"],"acf":[],"_links":{"self":[{"href":"https:\/\/www.fiwonline.de\/en\/wp-json\/wp\/v2\/pages\/1994","targetHints":{"allow":["GET"]}}],"collection":[{"href":"https:\/\/www.fiwonline.de\/en\/wp-json\/wp\/v2\/pages"}],"about":[{"href":"https:\/\/www.fiwonline.de\/en\/wp-json\/wp\/v2\/types\/page"}],"author":[{"embeddable":true,"href":"https:\/\/www.fiwonline.de\/en\/wp-json\/wp\/v2\/users\/3"}],"replies":[{"embeddable":true,"href":"https:\/\/www.fiwonline.de\/en\/wp-json\/wp\/v2\/comments?post=1994"}],"version-history":[{"count":22,"href":"https:\/\/www.fiwonline.de\/en\/wp-json\/wp\/v2\/pages\/1994\/revisions"}],"predecessor-version":[{"id":8981,"href":"https:\/\/www.fiwonline.de\/en\/wp-json\/wp\/v2\/pages\/1994\/revisions\/8981"}],"up":[{"embeddable":true,"href":"https:\/\/www.fiwonline.de\/en\/wp-json\/wp\/v2\/pages\/2406"}],"wp:attachment":[{"href":"https:\/\/www.fiwonline.de\/en\/wp-json\/wp\/v2\/media?parent=1994"}],"wp:term":[{"taxonomy":"folder","embeddable":true,"href":"https:\/\/www.fiwonline.de\/en\/wp-json\/wp\/v2\/folder?post=1994"}],"curies":[{"name":"wp","href":"https:\/\/api.w.org\/{rel}","templated":true}]}}