{"id":2019,"date":"2024-08-11T22:27:42","date_gmt":"2024-08-11T20:27:42","guid":{"rendered":"https:\/\/www.fiwonline.de\/?page_id=2019"},"modified":"2024-10-23T20:05:59","modified_gmt":"2024-10-23T18:05:59","slug":"kontakt","status":"publish","type":"page","link":"https:\/\/www.fiwonline.de\/en\/kontakt\/","title":{"rendered":"Contact"},"content":{"rendered":"<div data-elementor-type=\"wp-page\" data-elementor-id=\"2019\" class=\"elementor elementor-2019\">\n\t\t\t\t<div class=\"elementor-element elementor-element-dc99190 e-flex e-con-boxed e-con e-parent\" data-id=\"dc99190\" data-element_type=\"container\">\r\n\t\t\t\t\t<div class=\"e-con-inner\">\r\n\t\t\t\t<div class=\"elementor-element elementor-element-834295c flex-horizontal-align-default flex-horizontal-align-tablet-default flex-horizontal-align-mobile-default flex-vertical-align-default flex-vertical-align-tablet-default flex-vertical-align-mobile-default elementor-widget elementor-widget-spacer\" data-id=\"834295c\" data-element_type=\"widget\" data-widget_type=\"spacer.default\">\n\t\t\t\t<div class=\"elementor-widget-container\">\n\t\t\t\t\t\t\t<div class=\"elementor-spacer\">\n\t\t\t<div class=\"elementor-spacer-inner\"><\/div>\n\t\t<\/div>\n\t\t\t\t\t\t<\/div>\n\t\t\t\t<\/div>\n\t\t\t\t<div class=\"elementor-element elementor-element-a167f25 flex-horizontal-align-default flex-horizontal-align-tablet-default flex-horizontal-align-mobile-default flex-vertical-align-default flex-vertical-align-tablet-default flex-vertical-align-mobile-default elementor-widget elementor-widget-heading\" data-id=\"a167f25\" data-element_type=\"widget\" data-widget_type=\"heading.default\">\n\t\t\t\t<div class=\"elementor-widget-container\">\n\t\t\t\t\t<h3 class=\"elementor-heading-title elementor-size-default\">Contact<\/h3>\t\t\t\t<\/div>\n\t\t\t\t<\/div>\n\t\t\t\t\t<\/div>\n\t\t\t\t<\/div>\n\t\t<div class=\"elementor-element elementor-element-0834a30 e-flex e-con-boxed e-con e-parent\" data-id=\"0834a30\" data-element_type=\"container\">\r\n\t\t\t\t\t<div class=\"e-con-inner\">\r\n\t\t\t\t<div class=\"elementor-element elementor-element-944452e flex-horizontal-align-default flex-horizontal-align-tablet-default flex-horizontal-align-mobile-default flex-vertical-align-default flex-vertical-align-tablet-default flex-vertical-align-mobile-default elementor-widget elementor-widget-text-editor\" data-id=\"944452e\" data-element_type=\"widget\" data-widget_type=\"text-editor.default\">\n\t\t\t\t<div class=\"elementor-widget-container\">\n\t\t\t\t\t\t\t\t\t\t\t\t<div class=\"elementor-text-editor elementor-clearfix\">\r\n\t\t\t\t\t\t<p><strong>Adress<\/strong><\/p><p>Forschungsinstitut f\u00fcr Wirtschaftsverfassung und Wettbewerb e.V. &#8211; FIW<br \/>Gro\u00dfe Sandkaul 2<br \/>D-50667 K\u00f6ln<\/p><p>Phone: +49 (0) 221 \/ 12 20 51<br \/>Fax: +49 (0) 221 \/ 12 20 52<br \/>Email: <a title=\"E-Mail schreiben\" href=\"mailto:fiw@fiw-online.de\">fiw@fiw-online.de<\/a><\/p><p><strong>Managing Director<\/strong><\/p><p><img class=\"alignnone wp-image-2529 size-thumbnail\" src=\"https:\/\/www.fiwonline.de\/wp-content\/uploads\/lau.jpg\" alt=\"\" width=\"131\" srcset=\"https:\/\/www.fiwonline.de\/wp-content\/uploads\/lau.jpg 419w, https:\/\/www.fiwonline.de\/wp-content\/uploads\/lau-238x300.jpg 238w, https:\/\/www.fiwonline.de\/wp-content\/uploads\/lau-10x12.jpg 10w\" sizes=\"(max-width: 419px) 100vw, 419px\" \/><\/p><p>Niels Lau<br \/>Email: <a title=\"E-Mail senden\" href=\"mailto:lau@fiw-online.de\">lau@fiw-online.de<\/a><\/p><p><strong><br \/>Branch Office Manager<br \/><br \/><img class=\"alignnone wp-image-2530 size-full\" src=\"https:\/\/www.fiwonline.de\/wp-content\/uploads\/Foto-Schulte-NEU-23.10.24_final.jpg\" alt=\"\" width=\"131\" height=\"169\" \/><br \/><\/strong><\/p><p>Hedwig Schulte<br \/>Email: <a title=\"E-Mail senden\" href=\"mailto:schulte@fiw-online.de\">schulte@fiw-online.de<\/a><\/p><div class=\"clear\">\u00a0<\/div>\t\t\t\t\t\t\t<\/div>\r\n\t\t\t\t\t\t\t\t\t\t<\/div>\n\t\t\t\t<\/div>\n\t\t\t\t<div class=\"elementor-element elementor-element-4b3fd85 flex-horizontal-align-default flex-horizontal-align-tablet-default flex-horizontal-align-mobile-default flex-vertical-align-default flex-vertical-align-tablet-default flex-vertical-align-mobile-default elementor-widget elementor-widget-spacer\" data-id=\"4b3fd85\" data-element_type=\"widget\" data-widget_type=\"spacer.default\">\n\t\t\t\t<div class=\"elementor-widget-container\">\n\t\t\t\t\t\t\t<div class=\"elementor-spacer\">\n\t\t\t<div class=\"elementor-spacer-inner\"><\/div>\n\t\t<\/div>\n\t\t\t\t\t\t<\/div>\n\t\t\t\t<\/div>\n\t\t\t\t\t<\/div>\n\t\t\t\t<\/div>\n\t\t\t\t<\/div>","protected":false},"excerpt":{"rendered":"<p>Kontakt Postanschrift Forschungsinstitut f\u00fcr Wirtschaftsverfassung und Wettbewerb e.V. &#8211; FIWGro\u00dfe Sandkaul 2D-50667 K\u00f6ln Telefon: +49 (0) 221 \/ 12 20&#8230;<\/p>","protected":false},"author":3,"featured_media":0,"parent":0,"menu_order":29,"comment_status":"closed","ping_status":"closed","template":"page-fullwidth.php","meta":{"_acf_changed":false,"footnotes":""},"folder":[1234],"class_list":["post-2019","page","type-page","status-publish"],"acf":[],"_links":{"self":[{"href":"https:\/\/www.fiwonline.de\/en\/wp-json\/wp\/v2\/pages\/2019","targetHints":{"allow":["GET"]}}],"collection":[{"href":"https:\/\/www.fiwonline.de\/en\/wp-json\/wp\/v2\/pages"}],"about":[{"href":"https:\/\/www.fiwonline.de\/en\/wp-json\/wp\/v2\/types\/page"}],"author":[{"embeddable":true,"href":"https:\/\/www.fiwonline.de\/en\/wp-json\/wp\/v2\/users\/3"}],"replies":[{"embeddable":true,"href":"https:\/\/www.fiwonline.de\/en\/wp-json\/wp\/v2\/comments?post=2019"}],"version-history":[{"count":0,"href":"https:\/\/www.fiwonline.de\/en\/wp-json\/wp\/v2\/pages\/2019\/revisions"}],"wp:attachment":[{"href":"https:\/\/www.fiwonline.de\/en\/wp-json\/wp\/v2\/media?parent=2019"}],"wp:term":[{"taxonomy":"folder","embeddable":true,"href":"https:\/\/www.fiwonline.de\/en\/wp-json\/wp\/v2\/folder?post=2019"}],"curies":[{"name":"wp","href":"https:\/\/api.w.org\/{rel}","templated":true}]}}