{"id":2110,"date":"2024-08-12T16:09:54","date_gmt":"2024-08-12T14:09:54","guid":{"rendered":"https:\/\/www.fiwonline.de\/?page_id=2110"},"modified":"2025-03-14T06:54:33","modified_gmt":"2025-03-14T05:54:33","slug":"elementor-2110","status":"publish","type":"page","link":"https:\/\/www.fiwonline.de\/en\/das-institut\/elementor-2110\/","title":{"rendered":"Academic Advisory Council"},"content":{"rendered":"<div data-elementor-type=\"wp-page\" data-elementor-id=\"2110\" class=\"elementor elementor-2110\">\n\t\t\t\t<div class=\"elementor-element elementor-element-c47f4ac e-flex e-con-boxed e-con e-parent\" data-id=\"c47f4ac\" data-element_type=\"container\">\r\n\t\t\t\t\t<div class=\"e-con-inner\">\r\n\t\t\t\t<div class=\"elementor-element elementor-element-e3d8058 flex-horizontal-align-default flex-horizontal-align-tablet-default flex-horizontal-align-mobile-default flex-vertical-align-default flex-vertical-align-tablet-default flex-vertical-align-mobile-default elementor-widget elementor-widget-spacer\" data-id=\"e3d8058\" data-element_type=\"widget\" data-widget_type=\"spacer.default\">\n\t\t\t\t<div class=\"elementor-widget-container\">\n\t\t\t\t\t\t\t<div class=\"elementor-spacer\">\n\t\t\t<div class=\"elementor-spacer-inner\"><\/div>\n\t\t<\/div>\n\t\t\t\t\t\t<\/div>\n\t\t\t\t<\/div>\n\t\t\t\t<div class=\"elementor-element elementor-element-bb07e12 flex-horizontal-align-default flex-horizontal-align-tablet-default flex-horizontal-align-mobile-default flex-vertical-align-default flex-vertical-align-tablet-default flex-vertical-align-mobile-default elementor-widget elementor-widget-heading\" data-id=\"bb07e12\" data-element_type=\"widget\" data-widget_type=\"heading.default\">\n\t\t\t\t<div class=\"elementor-widget-container\">\n\t\t\t\t\t<h3 class=\"elementor-heading-title elementor-size-default\">Academic Advisory Council<\/h3>\t\t\t\t<\/div>\n\t\t\t\t<\/div>\n\t\t\t\t\t<\/div>\n\t\t\t\t<\/div>\n\t\t<div class=\"elementor-element elementor-element-56cca3b e-flex e-con-boxed e-con e-parent\" data-id=\"56cca3b\" data-element_type=\"container\">\r\n\t\t\t\t\t<div class=\"e-con-inner\">\r\n\t\t\t\t<div class=\"elementor-element elementor-element-d046ebc flex-horizontal-align-default flex-horizontal-align-tablet-default flex-horizontal-align-mobile-default flex-vertical-align-default flex-vertical-align-tablet-default flex-vertical-align-mobile-default elementor-widget elementor-widget-text-editor\" data-id=\"d046ebc\" data-element_type=\"widget\" data-widget_type=\"text-editor.default\">\n\t\t\t\t<div class=\"elementor-widget-container\">\n\t\t\t\t\t\t\t\t\t\t\t\t<div class=\"elementor-text-editor elementor-clearfix\">\r\n\t\t\t\t\t\t<p>The academic advisory council represents the link between the research institute with the world of academia.<br \/>Der Beirat wird vom\u00a0Vorstand bestellt.<\/p><h5>Member of the Academic Advisory Council<\/h5><p><strong>Professor Dr. Michael Kling\u00a0 \u00a0<\/strong><em>(Vorsitzender)<\/em><strong><br \/><\/strong>Lehrstuhl f\u00fcr B\u00fcrgerliches Recht, Handels- und Wirtschaftsrecht,<br \/>Europarecht sowie Gewerblicher Rechtsschutz an der Philipps-Universit\u00e4t, Marburg<\/p><p><strong>Professor Dr. Georg G\u00f6tz\u00a0 \u00a0<\/strong><em>(Stellvertretender Vorsitzender)<\/em><strong><br \/><\/strong>Leiter des Lehrstuhls VWL I &#8211; Industrie\u00f6konomie, Wettbewerbspolitik<br \/>und Regulierung an der Justus-Liebig Universit\u00e4t,\u00a0Gie\u00dfen<\/p><p><strong>Professor Dr. Florian Bien<br \/><\/strong>Lehrstuhl f\u00fcr globales Wirtschaftsrecht, internationale<br \/>Schiedsgerichtsbarkeit und B\u00fcrgerliches Recht an der Julius-Maximilians-Universit\u00e4t, W\u00fcrzburg<\/p><p><strong>Professor Dr. Meinrad Dreher, LL.M.\u00a0<\/strong><br \/>Fachbereich Rechts- und Wirtschaftswissenschaften an der<br \/>Johannes Gutenberg-Universit\u00e4t, Mainz<\/p><p><strong>Professor Dr. Josef Drexl, LL.M. <\/strong><br \/>Direktor am Max-Planck-Institut f\u00fcr Immaterialg\u00fcter- und<br \/>Wettbewerbsrecht, M\u00fcnchen<\/p><p><strong>Professor Dr. Jens-Uwe Franck, LL.M. (Yale)<br \/><\/strong>Lehrstuhl\u00a0f\u00fcr B\u00fcrgerliches Recht, Handels- und<br \/>Kartellrecht an der Universit\u00e4t Mannheim, Mannheim<\/p><p><strong>Professor Dr. Andreas Fuchs, LL.M. <\/strong><br \/>Institut f\u00fcr Unternehmens- und Wirtschaftsrecht an der Universit\u00e4t Osnabr\u00fcck, Osnabr\u00fcck<\/p><p><strong>Professor Dr. Justus Haucap<\/strong><strong><br \/><\/strong>Lehrstuhl f\u00fcr Volkswirtschaftslehre insbesondere Wettbewerbstheorie und -politik\u00a0<span style=\"text-align: var(--text-align);\">an der <\/span>Heinrich<span style=\"text-align: var(--text-align);\">-Heine-Universit\u00e4t, D\u00fcsseldorf<\/span><\/p><p><strong>Professor Dr. Roman Inderst<br \/><\/strong>Lehrstuhl f\u00fcr Finanzen und \u00d6konomie an der Goethe-Universit\u00e4t,<br \/>Frankfurt am Main<\/p><p><strong>Professor Dr.\u00a0Christian Kersting, LL.M. (Yale)<br \/><\/strong>Lehrstuhl f\u00fcr B\u00fcrgerliches Recht sowie deutsches<br \/>und internationales Unternehmens-, Wirtschafts- und Kartellrecht an der Heinrich-Heine-Universit\u00e4t, D\u00fcsseldorf<\/p><p><strong>Professor Dr. Torsten K\u00f6rber, LL.M.<\/strong> \u00a0\u00a0<br \/>Lehrstuhl f\u00fcr B\u00fcrgerliches Recht, Kartell- und Regulierungsrecht, Recht der digitalen Wirtschaft \/ Institut f\u00fcr<br \/>Energiewirtschaftsrecht an der Universit\u00e4t zu K\u00f6ln<\/p><p><strong>Professorin Dr. Andrea Lohse<\/strong><br \/>Lehrstuhl f\u00fcr B\u00fcrgerliches Recht, Handels- und Wirtschaftsrecht an<br \/>der Ruhr-Universit\u00e4t, Bochum<\/p><p><strong>Professor Dr. Rupprecht Podszun<br \/><\/strong>Lehrstuhl f\u00fcr B\u00fcrgerliches Recht, deutsches und europ\u00e4isches<br \/>Wettbewerbsrecht an der Heinrich-Heine-Universit\u00e4t, D\u00fcsseldorf<\/p><p><strong>Professor Dr. Wulf-Henning Roth<\/strong><br \/>Emeritus, Rheinische Friedrich-Wilhelms-Universit\u00e4t, Bonn<\/p><p><strong>Professor Dr. Ulrich Schwalbe<br \/><\/strong>Institut f\u00fcr Volkswirtschaftslehre an der Universit\u00e4t\u00a0Hohenheim,<br \/>Stuttgart<\/p><p><strong>Professor Dr. Stefan Thomas<\/strong><br \/>Lehrstuhl f\u00fcr B\u00fcrgerliches Recht, Handels- und Wirtschaftsrecht,<br \/>Wettbewerbs und Versicherungsrecht an der Eberhard Karls Universit\u00e4t, T\u00fcbingen<\/p><p><strong>Professor Dr. Daniel Zimmer<\/strong><br \/>Institut f\u00fcr Handels- und Wirtschaftsrecht an der Rheinischen<br \/>Friedrich-Wilhelms-Universit\u00e4t, Bonn<\/p><h5>\u00a0<\/h5><h5><strong>Honorary members<\/strong><\/h5><p><strong>Professor Dr. Wolfgang Harms<br \/><\/strong>Rechtsanwalt,<br \/>Direktor des Zentrums f\u00fcr Kartellrecht und des<br \/>Instituts f\u00fcr Energierecht an der FU Berlin a.D., Richter am Kammergericht i.R.,<br \/>Berlin<\/p><p><strong>Professor Dr. Wernhard M\u00f6schel \u00a0<\/strong>\u2020<br \/>Emeritus, Lehrstuhl f\u00fcr B\u00fcrgerliches Recht, Handels- und<br \/>Wirtschaftsrecht, Europarecht und Rechtsvergleichung an der Eberhard Karls Universit\u00e4t, T\u00fcbingen<\/p><p><strong>Professor Dr. Dr. h.c. mult. Karsten Schmidt<br \/><\/strong>Lehrstuhl f\u00fcr Unternehmensrecht an der Bucerius<br \/>Law School, Hamburg<\/p><p><strong>Professor Dr. Christian Smekal<\/strong><br \/>Emeritus, Institut f\u00fcr Finanzwissenschaft der Leopold-Franzens<br \/>Universit\u00e4t, Innsbruck<\/p><p><strong>Professor Dr. Viktor J. Vanberg<br \/><\/strong>Direktor des Walter Eucken Instituts e.V., Freiburg im Breisgau<\/p><p><strong>Professor Dr. Roger Z\u00e4ch<br \/><\/strong>Emeritus, Lehrstuhl f\u00fcr Privat-, Wirtschafts- und Europarecht an der<br \/>Universit\u00e4t Z\u00fcrich (UZH), Vizepr\u00e4sident der Schweizerischen Wettbewerbskommission a.D., Z\u00fcrich<\/p>\t\t\t\t\t\t\t<\/div>\r\n\t\t\t\t\t\t\t\t\t\t<\/div>\n\t\t\t\t<\/div>\n\t\t\t\t<div class=\"elementor-element elementor-element-84b9447 flex-horizontal-align-default flex-horizontal-align-tablet-default flex-horizontal-align-mobile-default flex-vertical-align-default flex-vertical-align-tablet-default flex-vertical-align-mobile-default elementor-widget elementor-widget-spacer\" data-id=\"84b9447\" data-element_type=\"widget\" data-widget_type=\"spacer.default\">\n\t\t\t\t<div class=\"elementor-widget-container\">\n\t\t\t\t\t\t\t<div class=\"elementor-spacer\">\n\t\t\t<div class=\"elementor-spacer-inner\"><\/div>\n\t\t<\/div>\n\t\t\t\t\t\t<\/div>\n\t\t\t\t<\/div>\n\t\t\t\t\t<\/div>\n\t\t\t\t<\/div>\n\t\t\t\t<\/div>","protected":false},"excerpt":{"rendered":"<p>Wissenschaftlicher Beirat Der wissenschaftliche Beirat ist die Verbindung des Forschungsinstitutes zur Wissenschaft.Der Beirat wird vom\u00a0Vorstand bestellt. Mitglieder des Beirats Professor&#8230;<\/p>","protected":false},"author":2,"featured_media":0,"parent":2406,"menu_order":6,"comment_status":"closed","ping_status":"closed","template":"page-fullwidth.php","meta":{"_acf_changed":false,"footnotes":""},"folder":[1230],"class_list":["post-2110","page","type-page","status-publish"],"acf":[],"_links":{"self":[{"href":"https:\/\/www.fiwonline.de\/en\/wp-json\/wp\/v2\/pages\/2110","targetHints":{"allow":["GET"]}}],"collection":[{"href":"https:\/\/www.fiwonline.de\/en\/wp-json\/wp\/v2\/pages"}],"about":[{"href":"https:\/\/www.fiwonline.de\/en\/wp-json\/wp\/v2\/types\/page"}],"author":[{"embeddable":true,"href":"https:\/\/www.fiwonline.de\/en\/wp-json\/wp\/v2\/users\/2"}],"replies":[{"embeddable":true,"href":"https:\/\/www.fiwonline.de\/en\/wp-json\/wp\/v2\/comments?post=2110"}],"version-history":[{"count":7,"href":"https:\/\/www.fiwonline.de\/en\/wp-json\/wp\/v2\/pages\/2110\/revisions"}],"predecessor-version":[{"id":8112,"href":"https:\/\/www.fiwonline.de\/en\/wp-json\/wp\/v2\/pages\/2110\/revisions\/8112"}],"up":[{"embeddable":true,"href":"https:\/\/www.fiwonline.de\/en\/wp-json\/wp\/v2\/pages\/2406"}],"wp:attachment":[{"href":"https:\/\/www.fiwonline.de\/en\/wp-json\/wp\/v2\/media?parent=2110"}],"wp:term":[{"taxonomy":"folder","embeddable":true,"href":"https:\/\/www.fiwonline.de\/en\/wp-json\/wp\/v2\/folder?post=2110"}],"curies":[{"name":"wp","href":"https:\/\/api.w.org\/{rel}","templated":true}]}}