{"id":2167,"date":"2024-08-12T19:26:58","date_gmt":"2024-08-12T17:26:58","guid":{"rendered":"https:\/\/www.fiwonline.de\/?page_id=2167"},"modified":"2025-01-12T14:07:40","modified_gmt":"2025-01-12T13:07:40","slug":"links","status":"publish","type":"page","link":"https:\/\/www.fiwonline.de\/en\/das-institut\/links\/","title":{"rendered":"Links"},"content":{"rendered":"<div data-elementor-type=\"wp-page\" data-elementor-id=\"2167\" class=\"elementor elementor-2167\">\n\t\t\t\t<div class=\"elementor-element elementor-element-99e0182 e-flex e-con-boxed e-con e-parent\" data-id=\"99e0182\" data-element_type=\"container\">\r\n\t\t\t\t\t<div class=\"e-con-inner\">\r\n\t\t\t\t<div class=\"elementor-element elementor-element-9d928ee flex-horizontal-align-default flex-horizontal-align-tablet-default flex-horizontal-align-mobile-default flex-vertical-align-default flex-vertical-align-tablet-default flex-vertical-align-mobile-default elementor-widget elementor-widget-spacer\" data-id=\"9d928ee\" data-element_type=\"widget\" data-widget_type=\"spacer.default\">\n\t\t\t\t<div class=\"elementor-widget-container\">\n\t\t\t\t\t\t\t<div class=\"elementor-spacer\">\n\t\t\t<div class=\"elementor-spacer-inner\"><\/div>\n\t\t<\/div>\n\t\t\t\t\t\t<\/div>\n\t\t\t\t<\/div>\n\t\t\t\t<div class=\"elementor-element elementor-element-e298ede flex-horizontal-align-default flex-horizontal-align-tablet-default flex-horizontal-align-mobile-default flex-vertical-align-default flex-vertical-align-tablet-default flex-vertical-align-mobile-default elementor-widget elementor-widget-heading\" data-id=\"e298ede\" data-element_type=\"widget\" data-widget_type=\"heading.default\">\n\t\t\t\t<div class=\"elementor-widget-container\">\n\t\t\t\t\t<h3 class=\"elementor-heading-title elementor-size-default\">Links<\/h3>\t\t\t\t<\/div>\n\t\t\t\t<\/div>\n\t\t\t\t\t<\/div>\n\t\t\t\t<\/div>\n\t\t<div class=\"elementor-element elementor-element-8c67788 e-flex e-con-boxed e-con e-parent\" data-id=\"8c67788\" data-element_type=\"container\">\r\n\t\t\t\t\t<div class=\"e-con-inner\">\r\n\t\t\t\t<div class=\"elementor-element elementor-element-5a408bb flex-horizontal-align-default flex-horizontal-align-tablet-default flex-horizontal-align-mobile-default flex-vertical-align-default flex-vertical-align-tablet-default flex-vertical-align-mobile-default elementor-widget elementor-widget-text-editor\" data-id=\"5a408bb\" data-element_type=\"widget\" data-widget_type=\"text-editor.default\">\n\t\t\t\t<div class=\"elementor-widget-container\">\n\t\t\t\t\t\t\t\t\t\t\t\t<div class=\"elementor-text-editor elementor-clearfix\">\r\n\t\t\t\t\t\t<p class=\"StandardWeb11\" style=\"margin: 12pt;\"><span>The following links and banners refer to websites of other providers. If you follow these links, you will leave the website of the Research Institute for Economic Constitution and Competition e.V. (FIW). The FIW assumes no responsibility for the accuracy of the information provided on the website accessed, nor does it adopt its content as its own or necessarily share the opinions expressed there. The FIW is not responsible for this and accepts no liability in this regard.<\/span><\/p><p class=\"StandardWeb11\" style=\"margin: 0cm 12pt 12pt;\"><span lang=\"EN-US\" style=\"  font-family: Arial; mso-ansi-language: EN-US;\"><br \/>American Antitrust Institute &#8211; AAI<br \/><\/span><span style=\"   font-family: Arial;\"><a title=\"Zu dieser Website wechseln\" href=\"https:\/\/www.antitrustinstitute.org\" target=\"_blank\" rel=\"noopener\"><span lang=\"EN-US\" style=\"color: #1166db; mso-ansi-language: EN-US;\">www.antitrustinstitute.org<\/span><\/a><\/span><\/p><p class=\"StandardWeb11\" style=\"margin: 0cm 12pt 12pt;\"><span lang=\"EN-US\" style=\"   font-family: Arial; mso-ansi-language: EN-US;\">Antitrust Modernization Committee \u2013 AMC<br \/><\/span><span style=\"   font-family: Arial;\"><a title=\"Zu dieser Website wechseln\" href=\"https:\/\/www.amc.gov\" target=\"_blank\" rel=\"noopener\"><span lang=\"EN-US\" style=\"color: #1166db; mso-ansi-language: EN-US;\">www.amc.gov<\/span><\/a><\/span><\/p><p class=\"MsoNormal\" style=\"margin: 0cm 0cm 0pt; text-indent: 12pt;\"><span style=\" font-family: Arial; color: #000000;\">Baudenbacher, Professor Dr. Carl<\/span><\/p><p class=\"StandardWeb11\" style=\"margin: 0cm 12pt 12pt;\"><span style=\" color: #3366ff; font-family: Arial; mso-bidi-font-size: 12.0pt;\"><a href=\"https:\/\/www.carlbaudenbacher.com\/feedback\"><span style=\"color: #3366ff;\">www.carlbaudenbacher.com\/feedback<\/span><\/a><br \/><br \/><\/span><span style=\" font-family: Arial; mso-bidi-font-size: 12.0pt;\"><span style=\"color: #000000;\">Berliner Gespr\u00e4chskreis zum Europ\u00e4ischen Beihilfenrecht e.V., Berlin<\/span><br \/><\/span><span style=\" color: #3366ff; font-family: Arial; mso-bidi-font-size: 12.0pt;\"><a href=\"https:\/\/www.berliner-gespraechskreis.eu\">www.berliner-gespraechskreis.eu<\/a><\/span><\/p><p class=\"StandardWeb11\" style=\"margin: 0cm 12pt 12pt;\"><span lang=\"EN-US\" style=\"   font-family: Arial; mso-ansi-language: EN-US;\">Bucerius Law School GmbH, Hamburg<br \/><\/span><span style=\"   font-family: Arial;\"><a title=\"Zu dieser Website wechseln\" href=\"https:\/\/www.law-school.de\" target=\"_blank\" rel=\"noopener\"><span lang=\"EN-US\" style=\"color: #1166db; mso-ansi-language: EN-US;\">www.law-school.de<\/span><\/a><\/span><\/p><p class=\"StandardWeb11\" style=\"margin: 0cm 12pt 12pt;\"><span lang=\"EN-US\" style=\"   font-family: Arial; mso-ansi-language: EN-US;\">Bundeskartellamt<br \/><\/span><span style=\"   font-family: Arial;\"><a title=\"Zu dieser Website wechseln\" href=\"https:\/\/www.bundeskartellamt.de\" target=\"_blank\" rel=\"noopener\"><span lang=\"EN-US\" style=\"color: #1166db; mso-ansi-language: EN-US;\">www.bundeskartellamt.de<\/span><\/a><\/span><\/p><p class=\"StandardWeb11\" style=\"margin: 0cm 12pt 12pt;\"><span style=\"   font-family: Arial;\">Bundesministerium f\u00fcr Wirtschaft und\u00a0Energie \u2013 BMWi<br \/><a title=\"Zu dieser Website wechseln\" href=\"https:\/\/www.bmwi.de\" target=\"_blank\" rel=\"noopener\"><span style=\"color: #1166db;\">www.bmwi.de<\/span><\/a> <\/span><\/p><p class=\"StandardWeb11\" style=\"margin: 0cm 12pt 12pt;\"><span style=\"   font-family: Arial;\">Bundesnetzagentur<br \/><a title=\"Zu dieser Website wechseln\" href=\"https:\/\/www.bundesnetzagentur.de\" target=\"_blank\" rel=\"noopener\"><span style=\"color: #1166db;\">www.bundesnetzagentur.de<\/span><\/a> <\/span><\/p><p class=\"StandardWeb11\" style=\"margin: 0cm 12pt 12pt;\"><span style=\"   font-family: Arial;\">Centrum f\u00fcr Europ\u00e4ische Politik<br \/><a href=\"https:\/\/www.cep.eu\"><span style=\"color: #1166db;\">www.cep.eu<\/span><\/a><\/span><\/p><p class=\"StandardWeb11\" style=\"margin: 0cm 12pt 12pt;\"><span lang=\"EN-US\" style=\"   font-family: Arial; mso-ansi-language: EN-US;\">Competition Commission<br \/><\/span><span style=\"   font-family: Arial;\"><a title=\"Zu dieser Website wechseln\" href=\"https:\/\/www.competition-commission.org.uk\" target=\"_blank\" rel=\"noopener\"><span lang=\"EN-US\" style=\"color: #1166db; mso-ansi-language: EN-US;\">www.competition-commission.org.uk<\/span><\/a><br \/><br \/>Economic Advisory Group for Competition &#8211; EAGCP<\/span><br \/><span style=\"   font-family: Arial;\"><a title=\"Zu dieser Website wechseln\" href=\"https:\/\/http\/\/ec.europa.eu\/dgs\/competition\/eagcp.htm\" target=\"_blank\" rel=\"noopener\"><span lang=\"EN-US\" style=\"color: #1166db; mso-ansi-language: EN-US;\">ec.europa.eu\/dgs\/competition\/eagcp.htm<\/span><\/a><\/span><\/p><p class=\"StandardWeb11\" style=\"margin: 0cm 12pt 12pt;\"><span style=\"   font-family: Arial;\">Fachbereich Rechts- und Wirtschaftswissenschaften an der Johannes Gutenberg-Universit\u00e4t, Mainz<br \/><a title=\"Zu dieser Website wechseln\" href=\"https:\/\/http\/\/www.uni-mainz.de\/fachbereiche\/1754.php\" target=\"_blank\" rel=\"noopener\"><span style=\"color: #1166db;\">www.uni-mainz.de\/fachbereiche\/1754.php<\/span><\/a> <\/span><\/p><p class=\"StandardWeb11\" style=\"margin: 0cm 12pt 12pt;\"><span lang=\"EN-US\" style=\"   font-family: Arial; mso-ansi-language: EN-US;\">Federal Trade Commission \u2013 FTC<br \/><\/span><span style=\"   font-family: Arial;\"><a title=\"Zu dieser Website wechseln\" href=\"https:\/\/www.ftc.gov\" target=\"_blank\" rel=\"noopener\"><span lang=\"EN-US\" style=\"color: #1166db; mso-ansi-language: EN-US;\">www.ftc.gov<\/span><\/a><\/span><\/p><p class=\"StandardWeb11\" style=\"margin: 0cm 12pt 12pt;\"><span style=\"   font-family: Arial;\">Forschungsstelle f\u00fcr Wettbewerbsrecht und -politik, Universit\u00e4t Bayreuth<br \/><a title=\"Zu dieser Website wechseln\" href=\"https:\/\/www.rw.uni-bayreuth.de\/?id=77\" target=\"_blank\" rel=\"noopener\"><span style=\"color: #1166db;\">www.rw.uni-bayreuth.de\/?id=77<\/span><\/a> <\/span><\/p><p class=\"StandardWeb11\" style=\"margin: 0cm 12pt 12pt;\"><span lang=\"EN-US\" style=\"   font-family: Arial; mso-ansi-language: EN-US;\">forum vergabe e.V.<br \/><\/span><span style=\"   font-family: Arial;\"><a title=\"Zu dieser Website wechseln\" href=\"https:\/\/www.forum-vergabe.de\" target=\"_blank\" rel=\"noopener\"><span lang=\"EN-US\" style=\"color: #1166db; mso-ansi-language: EN-US;\">www.forum-vergabe.de<\/span><\/a><\/span><\/p><p class=\"StandardWeb11\" style=\"margin: 0cm 12pt 12pt;\"><span style=\"   font-family: Arial;\">Generaldirektion Wettbewerb der Europ\u00e4ischen Kommission<br \/><a title=\"Zu dieser Website wechseln\" href=\"https:\/\/ec.europa.eu\/dgs\/competition\/index_de.htm\" target=\"_blank\" rel=\"noopener\"><span style=\"color: #1166db;\">ec.europa.eu\/dgs\/competition\/index_de.htm<\/span><\/a><br \/><br \/><\/span><span style=\"   font-family: Arial;\"><span style=\"   font-family: Arial;\">IMPULS-Stiftung, Berlin<br \/><a href=\"https:\/\/www.impuls-stiftung.de\">www.impuls-stiftung.de<\/a><\/span><\/span><\/p><p class=\"StandardWeb11\" style=\"margin: 0cm 12pt 12pt;\"><span style=\"   font-family: Arial;\">Institut f\u00fcr deutsches und europ\u00e4isches Wirtschafts-, Wettbewerbs- und Regulierungsrecht, Freie Universit\u00e4t Berlin<br \/><a title=\"Zu dieser Website wechseln\" href=\"https:\/\/web.fu-berlin.de\/iww\/index.html\" target=\"_blank\" rel=\"noopener\"><span style=\"color: #1166db;\">web.fu-berlin.de\/iww\/index.html<\/span><\/a> <\/span><\/p><p class=\"StandardWeb11\" style=\"margin: 0cm 12pt 12pt;\"><span style=\"   font-family: Arial;\">Institut f\u00fcr Finanzwissenschaft der Leopold-Franzens Universit\u00e4t, Innsbruck<br \/><a title=\"Zu dieser Website wechseln\" href=\"https:\/\/www.uibk.ac.at\/publicfinance\" target=\"_blank\" rel=\"noopener\"><span style=\"color: #1166db;\">www.uibk.ac.at\/publicfinance\/<\/span><\/a> <\/span><\/p><p class=\"StandardWeb11\" style=\"margin: 0cm 12pt 12pt;\"><span style=\"   font-family: Arial;\">Institut f\u00fcr Handels- und Wirtschaftsrecht an der Rheinischen Friedrich-Wilhelms-Universit\u00e4t, Bonn<br \/><a title=\"Zu dieser Website wechseln\" href=\"https:\/\/www.jura.uni-bonn.de\/index.php?id=742\" target=\"_blank\" rel=\"noopener\"><span style=\"color: #1166db;\">www.jura.uni-bonn.de\/index.php?id=742<\/span><\/a> <\/span><\/p><p class=\"StandardWeb11\" style=\"margin: 0cm 12pt 12pt;\"><span style=\"   font-family: Arial;\">Institut f\u00fcr Integrationsforschung am Europa-Kolleg, Hamburg<br \/><a title=\"Zu dieser Website wechseln\" href=\"https:\/\/www.europa-kolleg-hamburg.de\" target=\"_blank\" rel=\"noopener\"><span style=\"color: #1166db;\">www.europa-kolleg-hamburg.de\/<\/span><\/a> <\/span><\/p><p class=\"StandardWeb11\" style=\"margin: 0cm 12pt 12pt;\"><span style=\"   font-family: Arial;\">Institut f\u00fcr Internationales Privatrecht und Rechtsvergleichung an der Rheinischen Friedrich-Wilhelms-Universit\u00e4t, Bonn<br \/><a title=\"Zu dieser Website wechseln\" href=\"https:\/\/www.jura.uni-bonn.de\/index.php?id=1446\" target=\"_blank\" rel=\"noopener\"><span style=\"color: #1166db;\">www.jura.uni-bonn.de\/index.php?id=1446<\/span><\/a> <\/span><\/p><p class=\"StandardWeb11\" style=\"margin: 0cm 12pt 12pt;\"><span style=\"   font-family: Arial;\">International Competition Network \u2013 ICN<br \/><a title=\"Zu dieser Website wechseln\" href=\"https:\/\/www.internationalcompetitionnetwork.org\" target=\"_blank\" rel=\"noopener\"><span style=\"color: #1166db;\">www.internationalcompetitionnetwork.org<\/span><\/a><\/span><\/p><p class=\"StandardWeb11\" style=\"margin: 0cm 12pt 12pt;\"><span style=\"   font-family: Arial;\">Lehrstuhl f\u00fcr B\u00fcrgerliches Recht, Handels- und Wirtschaftsrecht an der Eberhard Karls Universit\u00e4t, T\u00fcbingen<br \/><a title=\"Zu dieser Website wechseln\" href=\"https:\/\/www.jura.uni-tuebingen.de\/professoren_und_dozenten\/moeschel\" target=\"_blank\" rel=\"noopener\"><span style=\"color: #1166db;\">www.jura.uni-tuebingen.de\/professoren_und_dozenten\/moeschel<\/span><\/a> <\/span><\/p><p class=\"StandardWeb11\" style=\"margin: 0cm 12pt 12pt;\"><span style=\"   font-family: Arial;\">Lehrstuhl f\u00fcr B\u00fcrgerliches Recht, Kartellrecht, Handels-, Gesellschafts- und Wirtschaftsrecht, Rechtwiss. Fakult\u00e4t der Friedr.-Schiller-Univ. Jena<br \/><a title=\"Zu dieser Website wechseln\" href=\"https:\/\/www.ls-koerber.de\" target=\"_blank\" rel=\"noopener\"><span lang=\"EN-US\" style=\"color: #3366ff; text-decoration: none; mso-bidi-font-size: 12.0pt; text-underline: none; mso-ansi-language: EN-US;\"><span style=\"mso-field-code: 'HYPERLINK 'http;\"><span style=\"text-decoration: underline;\"><span style=\"mso-bidi-font-family: 'Arial Unicode MS';\">www.ls-koerber.de\/<\/span><\/span><\/span><\/span><\/a><\/span><\/p><p class=\"StandardWeb11\" style=\"margin: 0cm 12pt 12pt;\"><span style=\"   font-family: Arial;\">Max-Planck-Institut f\u00fcr ausl\u00e4ndisches und internationales Privatrecht, Hamburg<br \/><a title=\"Zu dieser Website wechseln\" href=\"https:\/\/www.mpipriv.de\/ww\/de\/pub\/aktuelles.cfm\" target=\"_blank\" rel=\"noopener\"><span style=\"color: #1166db;\">www.mpipriv.de\/ww\/de\/pub\/aktuelles.cfm<\/span><\/a> <\/span><\/p><p class=\"StandardWeb11\" style=\"margin: 0cm 12pt 12pt;\"><span style=\"   font-family: Arial;\">Max-Planck-Institut zur Erforschung von Gemeinschaftsg\u00fctern, Bonn<br \/><a title=\"Zu dieser Website wechseln\" href=\"https:\/\/www.coll.mpg.de\" target=\"_blank\" rel=\"noopener\"><span style=\"color: #1166db;\">www.coll.mpg.de\/<\/span><\/a> <\/span><\/p><p class=\"StandardWeb11\" style=\"margin: 0cm 12pt 12pt;\"><span style=\"   font-family: Arial;\">Max-Plank-Institut f\u00fcr Geistiges Eigentum, Wettbewerbs- und Steuerrecht, M\u00fcnchen<br \/><a title=\"Zu dieser Website wechseln\" href=\"https:\/\/www.mpg.de\/instituteprojekteeinrichtungen\/institutsauswahl\/geistiges_eigentum\/index.html\" target=\"_blank\" rel=\"noopener\"><span style=\"color: #1166db;\">www.mpg.de\/instituteProjekteEinrichtungen\/institutsauswahl\/geistiges_eigentum\/index.html<\/span><\/a> <\/span><\/p><p class=\"StandardWeb11\" style=\"margin: 0cm 12pt 12pt;\"><span style=\"   font-family: Arial;\">Monopolkommission<br \/><a title=\"Zu dieser Website wechseln\" href=\"https:\/\/www.monopolkommission.de\" target=\"_blank\" rel=\"noopener\"><span style=\"color: #1166db;\">www.monopolkommission.de<\/span><\/a><\/span><\/p><p class=\"StandardWeb11\" style=\"margin: 0cm 12pt 12pt;\"><span lang=\"EN-US\" style=\"   font-family: Arial; mso-ansi-language: EN-US;\">Office of Fair Trading \u2013 OFT<br \/><\/span><span style=\"   font-family: Arial;\"><a title=\"Zu dieser Website wechseln\" href=\"https:\/\/www.oft.gov.uk\" target=\"_blank\" rel=\"noopener\"><span lang=\"EN-US\" style=\"color: #1166db; mso-ansi-language: EN-US;\">www.oft.gov.uk<\/span><\/a><\/span><\/p><p class=\"StandardWeb11\" style=\"margin: 0cm 12pt 12pt;\"><span lang=\"EN-US\" style=\"   font-family: Arial; mso-ansi-language: EN-US;\">Organisation for Economic Co-operation and Development \u2013 OECD<br \/><\/span><span style=\"   font-family: Arial;\"><a title=\"Zu dieser Website wechseln\" href=\"https:\/\/www.oecd.org\" target=\"_blank\" rel=\"noopener\"><span lang=\"EN-US\" style=\"color: #1166db; mso-ansi-language: EN-US;\">www.oecd.org<\/span><\/a><\/span><\/p><p class=\"StandardWeb11\" style=\"margin: 0cm 12pt 12pt;\"><span style=\"   font-family: Arial;\">Rechtswissenschaftliches Institut an der Universit\u00e4t Z\u00fcrich<br \/><a title=\"Zu dieser Website wechseln\" href=\"https:\/\/www.rwi.uzh.ch\/index.html\" target=\"_blank\" rel=\"noopener\"><span style=\"color: #1166db;\">www.rwi.uzh.ch\/index.html<\/span><\/a> <\/span><\/p><p class=\"StandardWeb11\" style=\"margin: 0cm 12pt 12pt;\"><span style=\"   font-family: Arial;\">Schweizerische Wettbewerbskommission<br \/><a title=\"Zu dieser Website wechseln\" href=\"https:\/\/www.weko.admin.ch\" target=\"_blank\" rel=\"noopener\"><span style=\"color: #1166db;\">www.weko.admin.ch\/<\/span><\/a><\/span><\/p><p class=\"StandardWeb11\" style=\"margin: 0cm 12pt 12pt;\"><span lang=\"EN-US\" style=\"   font-family: Arial; mso-ansi-language: EN-US;\">United Nations Conference on Trade and Development \u2013 UNCTAD<br \/><\/span><span style=\"   font-family: Arial;\"><a title=\"Zu dieser Website wechseln\" href=\"https:\/\/www.unctad.org\" target=\"_blank\" rel=\"noopener\"><span lang=\"EN-US\" style=\"color: #1166db; mso-ansi-language: EN-US;\">www.unctad.org<\/span><\/a><br \/><br \/><\/span><span lang=\"EN-US\" style=\"   font-family: Arial; mso-ansi-language: EN-US;\">World Trade Organisation \u2013 WTO<br \/><\/span><span style=\"   font-family: Arial;\"><a title=\"Zu dieser Website wechseln\" href=\"https:\/\/www.wto.org\" target=\"_blank\" rel=\"noopener\"><span lang=\"EN-US\" style=\"color: #1166db; mso-ansi-language: EN-US;\">www.wto.org<\/span><\/a><\/span><\/p>\t\t\t\t\t\t\t<\/div>\r\n\t\t\t\t\t\t\t\t\t\t<\/div>\n\t\t\t\t<\/div>\n\t\t\t\t<div class=\"elementor-element elementor-element-0932f39 flex-horizontal-align-default flex-horizontal-align-tablet-default flex-horizontal-align-mobile-default flex-vertical-align-default flex-vertical-align-tablet-default flex-vertical-align-mobile-default elementor-widget elementor-widget-spacer\" data-id=\"0932f39\" data-element_type=\"widget\" data-widget_type=\"spacer.default\">\n\t\t\t\t<div class=\"elementor-widget-container\">\n\t\t\t\t\t\t\t<div class=\"elementor-spacer\">\n\t\t\t<div class=\"elementor-spacer-inner\"><\/div>\n\t\t<\/div>\n\t\t\t\t\t\t<\/div>\n\t\t\t\t<\/div>\n\t\t\t\t\t<\/div>\n\t\t\t\t<\/div>\n\t\t\t\t<\/div>","protected":false},"excerpt":{"rendered":"<p>Links Die nachfolgenden Links und Banner verweisen auf Internetseiten anderer Anbieter. Wenn Sie diesen Links folgen, verlassen Sie das Angebot&#8230;<\/p>","protected":false},"author":2,"featured_media":0,"parent":2406,"menu_order":12,"comment_status":"closed","ping_status":"closed","template":"page-fullwidth.php","meta":{"_acf_changed":false,"footnotes":""},"folder":[1230],"class_list":["post-2167","page","type-page","status-publish"],"acf":[],"_links":{"self":[{"href":"https:\/\/www.fiwonline.de\/en\/wp-json\/wp\/v2\/pages\/2167","targetHints":{"allow":["GET"]}}],"collection":[{"href":"https:\/\/www.fiwonline.de\/en\/wp-json\/wp\/v2\/pages"}],"about":[{"href":"https:\/\/www.fiwonline.de\/en\/wp-json\/wp\/v2\/types\/page"}],"author":[{"embeddable":true,"href":"https:\/\/www.fiwonline.de\/en\/wp-json\/wp\/v2\/users\/2"}],"replies":[{"embeddable":true,"href":"https:\/\/www.fiwonline.de\/en\/wp-json\/wp\/v2\/comments?post=2167"}],"version-history":[{"count":1,"href":"https:\/\/www.fiwonline.de\/en\/wp-json\/wp\/v2\/pages\/2167\/revisions"}],"predecessor-version":[{"id":7646,"href":"https:\/\/www.fiwonline.de\/en\/wp-json\/wp\/v2\/pages\/2167\/revisions\/7646"}],"up":[{"embeddable":true,"href":"https:\/\/www.fiwonline.de\/en\/wp-json\/wp\/v2\/pages\/2406"}],"wp:attachment":[{"href":"https:\/\/www.fiwonline.de\/en\/wp-json\/wp\/v2\/media?parent=2167"}],"wp:term":[{"taxonomy":"folder","embeddable":true,"href":"https:\/\/www.fiwonline.de\/en\/wp-json\/wp\/v2\/folder?post=2167"}],"curies":[{"name":"wp","href":"https:\/\/api.w.org\/{rel}","templated":true}]}}