{"id":3640,"date":"2024-09-29T02:27:03","date_gmt":"2024-09-29T00:27:03","guid":{"rendered":"https:\/\/www.fiwonline.de\/?page_id=3640"},"modified":"2025-01-18T19:51:25","modified_gmt":"2025-01-18T18:51:25","slug":"impressum","status":"publish","type":"page","link":"https:\/\/www.fiwonline.de\/en\/impressum\/","title":{"rendered":"Imprint"},"content":{"rendered":"<div data-elementor-type=\"wp-page\" data-elementor-id=\"3640\" class=\"elementor elementor-3640\">\n\t\t\t\t<div class=\"elementor-element elementor-element-3a3273b2 e-flex e-con-boxed e-con e-parent\" data-id=\"3a3273b2\" data-element_type=\"container\">\r\n\t\t\t\t\t<div class=\"e-con-inner\">\r\n\t\t\t\t<div class=\"elementor-element elementor-element-25ce0f9 flex-horizontal-align-default flex-horizontal-align-tablet-default flex-horizontal-align-mobile-default flex-vertical-align-default flex-vertical-align-tablet-default flex-vertical-align-mobile-default elementor-widget elementor-widget-spacer\" data-id=\"25ce0f9\" data-element_type=\"widget\" data-widget_type=\"spacer.default\">\n\t\t\t\t<div class=\"elementor-widget-container\">\n\t\t\t\t\t\t\t<div class=\"elementor-spacer\">\n\t\t\t<div class=\"elementor-spacer-inner\"><\/div>\n\t\t<\/div>\n\t\t\t\t\t\t<\/div>\n\t\t\t\t<\/div>\n\t\t\t\t<div class=\"elementor-element elementor-element-bebac97 flex-horizontal-align-default flex-horizontal-align-tablet-default flex-horizontal-align-mobile-default flex-vertical-align-default flex-vertical-align-tablet-default flex-vertical-align-mobile-default elementor-widget elementor-widget-thegem-template-post-title\" data-id=\"bebac97\" data-element_type=\"widget\" data-widget_type=\"thegem-template-post-title.default\">\n\t\t\t\t<div class=\"elementor-widget-container\">\n\t\t\t\t\t<div class=\"thegem-te-post-title\"> <h3 class=\"post-title\"> <span>Imprint<\/span> <\/h3> <\/div>\t\t\t\t<\/div>\n\t\t\t\t<\/div>\n\t\t<div class=\"elementor-element elementor-element-22bc58c e-con-full e-flex e-con e-child\" data-id=\"22bc58c\" data-element_type=\"container\">\r\n\t\t\t\t<div class=\"elementor-element elementor-element-3c4636f3 flex-horizontal-align-default flex-horizontal-align-tablet-default flex-horizontal-align-mobile-default flex-vertical-align-default flex-vertical-align-tablet-default flex-vertical-align-mobile-default elementor-widget elementor-widget-text-editor\" data-id=\"3c4636f3\" data-element_type=\"widget\" data-widget_type=\"text-editor.default\">\n\t\t\t\t<div class=\"elementor-widget-container\">\n\t\t\t\t\t\t\t\t\t\t\t\t<div class=\"elementor-text-editor elementor-clearfix\">\r\n\t\t\t\t\t\t<p>Forschungsinstitut f\u00fcr Wirtschaftsverfassung und Wettbewerb e.V. &#8211; FIW<br>Gro\u00dfe Sandkaul 2<br>50667 K\u00f6ln<\/p>\n<p><b>Represented by:<\/b><br>Niels Lau, Gesch\u00e4ftsf\u00fchrer<\/p>\n<p><b>Contact<\/b>:<br>Telefon: + 49 (0) 221 &#8211; 12 20 51<br>Telefax: + 49 (0) 221 &#8211; 12 20 52<br>E-Mail: fiw@fiw-online.de\n<\/p>\n<p><b>Register entry:<\/b><br>Entry in the Vereinsregister.<br>Registering court: Amtsgericht K\u00f6ln<br>Vereinsregister<br>\n    K\u00f6ln<br>Registration number: 43 VR 5008<\/p>\n<p><b>Editorial responsibility<\/b><br>Niels Lau, Gesch\u00e4ftsf\u00fchrer<br>Hedwig Schulte, Gesch\u00e4ftsstellenleitung<br>Forschungsinstitut f\u00fcr<br>\n    Wirtschaftsverfassung und Wettbewerb e.V. &#8211; FIW<br>Gro\u00dfe Sandkaul 2<br>50667 K\u00f6ln<\/p>\n<p>Telefon: + 49 (0) 221 &#8211; 12 20 51<br>Fax: + 49 (0) 221 &#8211; 12 20 52<br>E-Mail: fiw@fiw-online.de<\/p>\n<p><b>Konzeption, Gestaltung und Umsetzung<\/b><br>G\u00f6tz Waibel<br>Unternehmenskommunikation<br><a href=\"http:\/\/www.goetz-waibel.de\" target=\"_blank\">www.goetz-waibel.de<\/a><\/p>\n<p><b>Dispute resolution<\/b><br>Wir sind nicht bereit oder verpflichtet, an Streitbeilegungsverfahren vor einer<br>\n    Verbraucherschlichtungsstelle teilzunehmen.<\/p>\n<p><b>Liability for Contents<\/b><br>Als Diensteanbieter sind wir f\u00fcr eigene Inhalte auf diesen Seiten nach den allgemeinen<br>\n    Gesetzen verantwortlich. Wir sind als Diensteanbieter jedoch nicht verpflichtet, \u00fcbermittelte oder gespeicherte<br>\n    fremde Informationen zu \u00fcberwachen oder<\/p>\n<p>    Verpflichtungen zur Entfernung oder Sperrung der Nutzung von Informationen nach den allgemeinen Gesetzen bleiben<br>\n    hiervon unber\u00fchrt. Eine diesbez\u00fcgliche Haftung ist jedoch erst ab dem Zeitpunkt der Kenntnis einer konkreten<br>\n    Rechtsverletzung m\u00f6glich. Bei Bekanntwerden von entsprechenden Rechtsverletzungen werden wir diese Inhalte umgehend<br>\n    entfernen.<\/p>\n<p>Verpflichtungen zur Entfernung oder Sperrung der Nutzung von Informationen nach den allgemeinen Gesetzen bleiben<br>\n    hiervon unber\u00fchrt. Eine diesbez\u00fcgliche Haftung ist jedoch erst ab dem Zeitpunkt der Kenntnis einer konkreten<br>\n    Rechtsverletzung m\u00f6glich. Bei Bekanntwerden von entsprechenden Rechtsverletzungen werden wir diese Inhalte umgehend<br>\n    entfernen.<\/p>\n<p><b>Liability for Links<\/b><br>Unser Angebot enth\u00e4lt Links zu externen Websites Dritter, auf deren Inhalte wir keinen<br>\n    Einfluss haben. Deshalb k\u00f6nnen wir f\u00fcr diese fremden Inhalte auch keine Gew\u00e4hr \u00fcbernehmen. F\u00fcr die Inhalte der<br>\n    verlinkten Seiten ist stets der jeweilige Anbieter oder Betreiber der Seiten verantwortlich. Die verlinkten Seiten<br>\n    wurden zum Zeitpunkt der Verlinkung auf m\u00f6gliche Rechtsverst\u00f6\u00dfe \u00fcberpr\u00fcft. Rechtswidrige Inhalte waren zum Zeitpunkt<br>\n    der Verlinkung nicht erkennbar.<\/p>\n<p>Eine permanente inhaltliche Kontrolle der verlinkten Seiten ist jedoch ohne konkrete Anhaltspunkte einer<br>\n    Rechtsverletzung nicht zumutbar. Bei Bekanntwerden von Rechtsverletzungen werden wir derartige Links umgehend<br>\n    entfernen.<\/p>\n<p><b>Copyright<\/b><br>Die durch die Seitenbetreiber erstellten Inhalte und Werke auf diesen Seiten unterliegen dem<br>\n    deutschen Urheberrecht. Die Vervielf\u00e4ltigung, Bearbeitung, Verbreitung und jede Art der Verwertung au\u00dferhalb der<br>\n    Grenzen des Urheberrechtes bed\u00fcrfen der schriftlichen Zustimmung des jeweiligen Autors bzw. Erstellers. Downloads<br>\n    und Kopien dieser Seite sind nur f\u00fcr den privaten, nicht kommerziellen Gebrauch gestattet.<\/p>\n<p>Soweit die Inhalte auf dieser Seite nicht vom Betreiber erstellt wurden, werden die Urheberrechte Dritter beachtet.<br>\n    Insbesondere werden Inhalte Dritter als solche gekennzeichnet. Sollten Sie trotzdem auf eine Urheberrechtsverletzung<br>\n    aufmerksam werden, bitten wir um einen entsprechenden Hinweis. Bei Bekanntwerden von Rechtsverletzungen werden wir<br>\n    derartige Inhalte umgehend entfernen.<\/p>\t\t\t\t\t\t\t<\/div>\r\n\t\t\t\t\t\t\t\t\t\t<\/div>\n\t\t\t\t<\/div>\n\t\t\t\t<div class=\"elementor-element elementor-element-9380ebb flex-horizontal-align-default flex-horizontal-align-tablet-default flex-horizontal-align-mobile-default flex-vertical-align-default flex-vertical-align-tablet-default flex-vertical-align-mobile-default elementor-widget elementor-widget-spacer\" data-id=\"9380ebb\" data-element_type=\"widget\" data-widget_type=\"spacer.default\">\n\t\t\t\t<div class=\"elementor-widget-container\">\n\t\t\t\t\t\t\t<div class=\"elementor-spacer\">\n\t\t\t<div class=\"elementor-spacer-inner\"><\/div>\n\t\t<\/div>\n\t\t\t\t\t\t<\/div>\n\t\t\t\t<\/div>\n\t\t\t\t<\/div>\n\t\t\t\t\t<\/div>\n\t\t\t\t<\/div>\n\t\t\t\t<\/div>","protected":false},"excerpt":{"rendered":"<p>Impressum Forschungsinstitut f\u00fcr Wirtschaftsverfassung und Wettbewerb e.V. &#8211; FIWGro\u00dfe Sandkaul 250667 K\u00f6ln Vertreten durch:Niels Lau, Gesch\u00e4ftsf\u00fchrer Kontakt:Telefon: + 49 (0)&#8230;<\/p>","protected":false},"author":3,"featured_media":0,"parent":0,"menu_order":34,"comment_status":"closed","ping_status":"closed","template":"","meta":{"_acf_changed":false,"footnotes":""},"folder":[1234],"class_list":["post-3640","page","type-page","status-publish"],"acf":[],"_links":{"self":[{"href":"https:\/\/www.fiwonline.de\/en\/wp-json\/wp\/v2\/pages\/3640","targetHints":{"allow":["GET"]}}],"collection":[{"href":"https:\/\/www.fiwonline.de\/en\/wp-json\/wp\/v2\/pages"}],"about":[{"href":"https:\/\/www.fiwonline.de\/en\/wp-json\/wp\/v2\/types\/page"}],"author":[{"embeddable":true,"href":"https:\/\/www.fiwonline.de\/en\/wp-json\/wp\/v2\/users\/3"}],"replies":[{"embeddable":true,"href":"https:\/\/www.fiwonline.de\/en\/wp-json\/wp\/v2\/comments?post=3640"}],"version-history":[{"count":3,"href":"https:\/\/www.fiwonline.de\/en\/wp-json\/wp\/v2\/pages\/3640\/revisions"}],"predecessor-version":[{"id":7713,"href":"https:\/\/www.fiwonline.de\/en\/wp-json\/wp\/v2\/pages\/3640\/revisions\/7713"}],"wp:attachment":[{"href":"https:\/\/www.fiwonline.de\/en\/wp-json\/wp\/v2\/media?parent=3640"}],"wp:term":[{"taxonomy":"folder","embeddable":true,"href":"https:\/\/www.fiwonline.de\/en\/wp-json\/wp\/v2\/folder?post=3640"}],"curies":[{"name":"wp","href":"https:\/\/api.w.org\/{rel}","templated":true}]}}